


{"id":3245,"date":"2015-12-16T09:16:36","date_gmt":"2015-12-16T08:16:36","guid":{"rendered":"http:\/\/parapnte.educacion.navarra.es\/eu\/?page_id=3245"},"modified":"2015-12-16T09:20:55","modified_gmt":"2015-12-16T08:20:55","slug":"etapa-eta-ikasturtez-antolatutako-materiala","status":"publish","type":"page","link":"https:\/\/parapnte.educacion.navarra.es\/eu\/prestamo-de-material-de-robotica\/etapa-eta-ikasturtez-antolatutako-materiala\/","title":{"rendered":"Etapa eta ikasturtez antolatutako materiala"},"content":{"rendered":"<p>La correspondencia del <a href=\"http:\/\/codigo21.educacion.navarra.es\/prestamo-de-material-de-robotica\/descripcion-del-material-de-robotica-disponible-para-prestamos\/\">material de rob\u00f3tica disponible para el pr\u00e9stamo<\/a>\u00a0a los centros\u00a0miembros de la Red de Innovaci\u00f3n en Ciencia y Tecnolog\u00eda de Navarra, con las etapas educativas y cursos podr\u00eda ser la siguiente:<\/p>\n<figure id=\"attachment_1060\" aria-describedby=\"caption-attachment-1060\" style=\"width: 650px\" class=\"wp-caption aligncenter\"><a href=\"http:\/\/codigo21.educacion.navarra.es\/wp-content\/uploads\/2015\/12\/material_codigo21_etapas_cursos.png\"><img loading=\"lazy\" class=\"size-full wp-image-1060\" src=\"http:\/\/codigo21.educacion.navarra.es\/wp-content\/uploads\/2015\/12\/material_codigo21_etapas_cursos.png\" alt=\"Material de C\u00f3digo 21 por etapas y cursos\" width=\"650\" height=\"723\" \/><\/a><figcaption id=\"caption-attachment-1060\" class=\"wp-caption-text\">Material de C\u00f3digo 21 por etapas y cursos<\/figcaption><\/figure>\n<p><a href=\"http:\/\/codigo21.educacion.navarra.es\/prestamo-de-material-de-robotica\/descripcion-del-material-de-robotica-disponible-para-prestamos\/\" target=\"_blank\">Descripci\u00f3n del material<\/a> de rob\u00f3tica disponible para pr\u00e9stamos<\/p>\n<p><a href=\"http:\/\/codigo21.educacion.navarra.es\/prestamo-de-material-de-robotica\/normativa-del-prestamo-de-material-de-robotica\/\" target=\"_blank\">Normativa del pr\u00e9stamo<\/a><\/p>\n<p><a href=\"http:\/\/codigo21.educacion.navarra.es\/prestamo-de-material-de-robotica\/\" target=\"_blank\">Solicitud de pr\u00e9stamo<\/a><\/p>\n","protected":false},"excerpt":{"rendered":"<p>La correspondencia del material de rob\u00f3tica disponible para el pr\u00e9stamo\u00a0a los centros\u00a0miembros de la Red de Innovaci\u00f3n en Ciencia y Tecnolog\u00eda de Navarra, con las etapas educativas y cursos podr\u00eda ser la siguiente: Descripci\u00f3n del material de rob\u00f3tica disponible para pr\u00e9stamos Normativa del pr\u00e9stamo Solicitud de pr\u00e9stamo<\/p>\n","protected":false},"author":21,"featured_media":0,"parent":3192,"menu_order":0,"comment_status":"closed","ping_status":"closed","template":"","meta":{"_genesis_hide_title":false,"_genesis_hide_breadcrumbs":false,"_genesis_hide_singular_image":false,"_genesis_hide_footer_widgets":false,"_genesis_custom_body_class":"","_genesis_custom_post_class":"","_genesis_layout":"","jetpack_post_was_ever_published":false},"jetpack_sharing_enabled":true,"jetpack_likes_enabled":true,"_links":{"self":[{"href":"https:\/\/parapnte.educacion.navarra.es\/eu\/wp-json\/wp\/v2\/pages\/3245"}],"collection":[{"href":"https:\/\/parapnte.educacion.navarra.es\/eu\/wp-json\/wp\/v2\/pages"}],"about":[{"href":"https:\/\/parapnte.educacion.navarra.es\/eu\/wp-json\/wp\/v2\/types\/page"}],"author":[{"embeddable":true,"href":"https:\/\/parapnte.educacion.navarra.es\/eu\/wp-json\/wp\/v2\/users\/21"}],"replies":[{"embeddable":true,"href":"https:\/\/parapnte.educacion.navarra.es\/eu\/wp-json\/wp\/v2\/comments?post=3245"}],"version-history":[{"count":0,"href":"https:\/\/parapnte.educacion.navarra.es\/eu\/wp-json\/wp\/v2\/pages\/3245\/revisions"}],"up":[{"embeddable":true,"href":"https:\/\/parapnte.educacion.navarra.es\/eu\/wp-json\/wp\/v2\/pages\/3192"}],"wp:attachment":[{"href":"https:\/\/parapnte.educacion.navarra.es\/eu\/wp-json\/wp\/v2\/media?parent=3245"}],"curies":[{"name":"wp","href":"https:\/\/api.w.org\/{rel}","templated":true}]}}