


{"id":3204,"date":"2010-05-27T09:48:05","date_gmt":"2010-05-27T07:48:05","guid":{"rendered":"http:\/\/parapnte.educacion.navarra.es\/eu\/?page_id=3204"},"modified":"2016-04-06T09:49:38","modified_gmt":"2016-04-06T07:49:38","slug":"sobre-este-sitio","status":"publish","type":"page","link":"https:\/\/parapnte.educacion.navarra.es\/eu\/sobre-este-sitio\/","title":{"rendered":"Leku hau"},"content":{"rendered":"<p>Este blog del\u00a0<a title=\"Programa de Nuevas Tecnolog\u00edas y Educaci\u00f3n\" href=\"http:\/\/pnte.educacion.navarra.es\/portal\/\" target=\"_blank\">Programa de Nuevas Tecnolog\u00edas y Educaci\u00f3n<\/a>\u00a0(PNTE) tiene como objetivo la difusi\u00f3n de noticias, recursos y materiales que tengan relaci\u00f3n con las Tecnolog\u00edas de la Informaci\u00f3n y la Comunicaci\u00f3n (TIC), y en especial \u00a0de aquellas informaciones que puedan favorecer e impulsar la aplicaci\u00f3n de las TIC a la pr\u00e1ctica educativa.<\/p>\n<p>En ParaPNTE colaborar\u00e1n regularmente los asesores de la Secci\u00f3n de Tecnolog\u00edas Educativas\u00a0del Departamento de Educaci\u00f3n del Gobierno de Navarra, as\u00ed como los Asesores de Tecnolog\u00edas Educativas\u00a0de los CAPs de Pamplona, Tudela, Estella, Tafalla y Lekaroz.<\/p>\n<hr \/>\n<p>&nbsp;<\/p>\n<h2>Qu\u00e9 es el PNTE<\/h2>\n<div class=\"pt-cont\">El Programa de Nuevas Tecnolog\u00edas y Educaci\u00f3n (PNTE) engloba todos los objetivos, acciones, recursos y servicios que el Departamento de Educaci\u00f3n del Gobierno de Navarra desarrolla en el \u00e1mbito de las Tecnolog\u00edas de la Informaci\u00f3n y la Educaci\u00f3n (TIC).<\/div>\n<div class=\"cl-content\">\n<p>Este sitio web pretende aportar informaci\u00f3n y servicios relevantes para la comunidad educativa respecto a las TIC, y asimismo, aspira a convertirse en un canal de comunicaci\u00f3n directa entre el PNTE y los docentes.<\/p>\n<p>Entre los contenidos m\u00e1s relevantes del sitio, conviene destacar los siguientes:<\/p>\n<ul>\n<li><a title=\"PNTE Apps\" href=\"http:\/\/pnte.educacion.navarra.es\/web\/pnte\/pnte-apps\" target=\"_blank\">PNTE Apps<\/a>: informaci\u00f3n sobre los nuevos servicios del PNTE a partir del curso 2012-2013, que hacen uso de la tecnolog\u00eda de <a title=\"Google Apps for Education\" href=\"http:\/\/www.google.com\/apps\/intl\/es\/edu\/\" target=\"_blank\">Google Apps para educaci\u00f3n<\/a>.<\/li>\n<li><a title=\"Formaci\u00f3n en TIC\" href=\"http:\/\/pnte.educacion.navarra.es\/web\/pnte\/formacion-en-tic\" target=\"_blank\">Formaci\u00f3n en TIC<\/a>: contiene informaci\u00f3n sobre el programa de formaci\u00f3n del PNTE y los cursos online que integran dicho programa.<\/li>\n<li><a title=\"Proyectos\" href=\"http:\/\/pnte.educacion.navarra.es\/web\/pnte\/proyectos\">Proyectos<\/a>: incluye las convocatoria de proyectos de Nuevas Tecnolog\u00edas que anualmente lleva a cabo el PNTE.<\/li>\n<li><a title=\"Servicios a docentes\" href=\"http:\/\/pnte.educacion.navarra.es\/web\/pnte\/servicios-a-docentes\" target=\"_blank\">Servicios a docentes<\/a>: informaci\u00f3n sobre los servicios que se ofrecen a los docentes y que no est\u00e1n incluidos en PNTE Apps: webs din\u00e1micas personales, blogs, etc.<\/li>\n<li><a title=\"Servicios a centros\" href=\"http:\/\/pnte.educacion.navarra.es\/web\/pnte\/servicios-a-centros\" target=\"_blank\">Servicios a centros<\/a>: informaci\u00f3n sobre los servicios que se ofrecen a los centros educativos: soporte de redes inform\u00e1ticas, contrato de mantenimiento de equipos inform\u00e1ticos, webs din\u00e1micas, software antivirus, etc.<\/li>\n<li><a title=\"Actualidad\" href=\"http:\/\/pnte.educacion.navarra.es\/web\/pnte\/actualidad\" target=\"_blank\">Actualidad<\/a>: noticias de la actividad del PNTE y sus servicios.<\/li>\n<\/ul>\n<\/div>\n<hr \/>\n<p>&nbsp;<\/p>\n<h2>Datos de contacto de ParaPNTE<\/h2>\n<p>Negociado de Gesti\u00f3n de Integraci\u00f3n Curricular de las TICs<\/p>\n<p>Cuesta de Santo Domingo, s\/n<\/p>\n<p>31001 &#8211; Pamplona (Navarra)<\/p>\n<div>Tfnos: 848423263 &#8211;\u00a0848422902<\/div>\n<p>&nbsp;<\/p>\n<p><iframe loading=\"lazy\" style=\"border: 0;\" src=\"https:\/\/www.google.com\/maps\/embed?pb=!1m18!1m12!1m3!1d3427.987407136637!2d-1.6453530000000212!3d42.81951001106081!2m3!1f0!2f0!3f0!3m2!1i1024!2i768!4f13.1!3m3!1m2!1s0xd5092fa38cd3203%3A0xd643432c399eb695!2sDepartamento+De+Educaci%C3%B3n+Del+Gobierno+De+Navarra!5e1!3m2!1ses!2ses!4v1441889918472\" width=\"800\" height=\"600\" frameborder=\"0\" allowfullscreen=\"allowfullscreen\"><\/iframe><\/p>\n<hr \/>\n<p>&nbsp;<\/p>\n<p>El t\u00edtulo de este sitio, ParaPNTE, es un ejemplo de un juego de palabras basado en la figura ret\u00f3rica del calambur. Si deseas saber m\u00e1s sobre esta figura literaria, consulta la entrada correspondiente en la <a title=\"Calambur en la Wikipedia\" href=\"http:\/\/es.wikipedia.org\/wiki\/Calambur\" target=\"_blank\">Wikipedia<\/a>.<\/p>\n","protected":false},"excerpt":{"rendered":"<p>Este blog del\u00a0Programa de Nuevas Tecnolog\u00edas y Educaci\u00f3n\u00a0(PNTE) tiene como objetivo la difusi\u00f3n de noticias, recursos y materiales que tengan relaci\u00f3n con las Tecnolog\u00edas de la Informaci\u00f3n y la Comunicaci\u00f3n (TIC), y en especial \u00a0de aquellas informaciones que puedan favorecer e impulsar la aplicaci\u00f3n de las TIC a la pr\u00e1ctica educativa. En ParaPNTE colaborar\u00e1n regularmente [&hellip;]<\/p>\n","protected":false},"author":21,"featured_media":0,"parent":0,"menu_order":0,"comment_status":"open","ping_status":"open","template":"","meta":{"_genesis_hide_title":false,"_genesis_hide_breadcrumbs":false,"_genesis_hide_singular_image":false,"_genesis_hide_footer_widgets":false,"_genesis_custom_body_class":"","_genesis_custom_post_class":"","_genesis_layout":"","jetpack_post_was_ever_published":false},"jetpack_sharing_enabled":true,"jetpack_likes_enabled":true,"_links":{"self":[{"href":"https:\/\/parapnte.educacion.navarra.es\/eu\/wp-json\/wp\/v2\/pages\/3204"}],"collection":[{"href":"https:\/\/parapnte.educacion.navarra.es\/eu\/wp-json\/wp\/v2\/pages"}],"about":[{"href":"https:\/\/parapnte.educacion.navarra.es\/eu\/wp-json\/wp\/v2\/types\/page"}],"author":[{"embeddable":true,"href":"https:\/\/parapnte.educacion.navarra.es\/eu\/wp-json\/wp\/v2\/users\/21"}],"replies":[{"embeddable":true,"href":"https:\/\/parapnte.educacion.navarra.es\/eu\/wp-json\/wp\/v2\/comments?post=3204"}],"version-history":[{"count":0,"href":"https:\/\/parapnte.educacion.navarra.es\/eu\/wp-json\/wp\/v2\/pages\/3204\/revisions"}],"wp:attachment":[{"href":"https:\/\/parapnte.educacion.navarra.es\/eu\/wp-json\/wp\/v2\/media?parent=3204"}],"curies":[{"name":"wp","href":"https:\/\/api.w.org\/{rel}","templated":true}]}}