


{"id":3203,"date":"2015-11-12T14:22:19","date_gmt":"2015-11-12T13:22:19","guid":{"rendered":"http:\/\/parapnte.educacion.navarra.es\/eu\/?page_id=3203"},"modified":"2016-03-18T08:55:17","modified_gmt":"2016-03-18T07:55:17","slug":"utilidades-varias","status":"publish","type":"page","link":"https:\/\/parapnte.educacion.navarra.es\/eu\/recursos\/utilidades-varias\/","title":{"rendered":"Hainbat erabilgarritasun"},"content":{"rendered":"<p>&nbsp;<\/p>\n<table cellspacing=\"10\"><!-- Fila encabezado --><\/p>\n<tbody>\n<tr>\n<th style=\"text-align: left;\">Irudia<\/th>\n<th style=\"text-align: center;\">Izena<\/th>\n<th style=\"text-align: center;\">Deskribapena<\/th>\n<\/tr>\n<p><!-- Fila 0 --><\/p>\n<tr>\n<td>\u00a0<a href=\"https:\/\/www.teamviewer.com\/es\/\" target=\"_blank\"><img loading=\"lazy\" class=\"aligncenter size-thumbnail wp-image-2306\" src=\"http:\/\/parapnte.educacion.navarra.es\/wp-content\/uploads\/2015\/11\/teamviewer2-150x150.png\" alt=\"TeamViewer\" width=\"150\" height=\"150\" srcset=\"https:\/\/parapnte.educacion.navarra.es\/wp-content\/uploads\/2015\/11\/teamviewer2-150x150.png 150w, https:\/\/parapnte.educacion.navarra.es\/wp-content\/uploads\/2015\/11\/teamviewer2.png 200w\" sizes=\"(max-width: 150px) 100vw, 150px\" \/><\/a><\/td>\n<td style=\"text-align: center;\" width=\"200px\"><a href=\"https:\/\/www.teamviewer.com\/es\/\" target=\"_blank\">TeamViewer<\/a><\/td>\n<td>Controle remotamente cualquier ordenador o Mac a trav\u00e9s de Internet en solo un par de segundos o utilice TeamViewer para reuniones online.<\/td>\n<\/tr>\n<p><!-- Fila 1 --><\/p>\n<tr>\n<td><a href=\"http:\/\/www.educacion.navarra.es\/web\/pnte\/antivirus\" target=\"_blank\"><img loading=\"lazy\" class=\"aligncenter size-thumbnail wp-image-2307\" src=\"http:\/\/parapnte.educacion.navarra.es\/wp-content\/uploads\/2015\/11\/f-secure-150x150.png\" alt=\"F-Secure Antivirus\" width=\"150\" height=\"150\" \/><\/a><\/td>\n<td style=\"text-align: center;\" width=\"200px\"><a href=\"http:\/\/www.educacion.navarra.es\/web\/pnte\/antivirus\" target=\"_blank\">F-Secure Antivirus<\/a><\/td>\n<td>El PNTE ofrece a los centros educativos el antivirus <a title=\"F-Secure Antivirus for Workstations\" href=\"http:\/\/www.f-secure.com\/en\/web\/business_global\/support\/downloads\/-\/carousel\/view\/75\" target=\"_blank\">F-Secure Antivirus for Workstations<\/a>, para equipos con sistema operativo Microsoft Windows. En virtud del acuerdo establecido entre el fabricante y el PNTE, este programa solo puede instalarse y utilizarse en\u00a0determinados equipos.<\/td>\n<\/tr>\n<p><!-- Fila 2 --><\/p>\n<tr>\n<td>\u00a0<a href=\"https:\/\/www.piriform.com\/ccleaner\/download\/standard\" target=\"_blank\"><img loading=\"lazy\" class=\"aligncenter size-thumbnail wp-image-2308\" src=\"http:\/\/parapnte.educacion.navarra.es\/wp-content\/uploads\/2015\/11\/ccleaner-150x150.jpg\" alt=\"CCleaner\" width=\"150\" height=\"150\" srcset=\"https:\/\/parapnte.educacion.navarra.es\/wp-content\/uploads\/2015\/11\/ccleaner-150x150.jpg 150w, https:\/\/parapnte.educacion.navarra.es\/wp-content\/uploads\/2015\/11\/ccleaner-300x300.jpg 300w, https:\/\/parapnte.educacion.navarra.es\/wp-content\/uploads\/2015\/11\/ccleaner.jpg 500w\" sizes=\"(max-width: 150px) 100vw, 150px\" \/><\/a><\/td>\n<td style=\"text-align: center;\" width=\"200px\"><a href=\"https:\/\/www.piriform.com\/ccleaner\/download\/standard\" target=\"_blank\">CCleaner<\/a><\/td>\n<td>CCleaner es una utilidad que\u00a0busca y elimina archivos basura y errores en Windows. Con unos pocos clic, CCleaner ayuda a recuperar espacio en el disco y consigue que tu PC sea m\u00e1s r\u00e1pido y eficiente.<\/td>\n<\/tr>\n<p><!-- Fila 3 --><\/p>\n<tr>\n<td>\u00a0<a href=\"https:\/\/unetbootin.github.io\/\" target=\"_blank\"><img loading=\"lazy\" class=\"aligncenter size-thumbnail wp-image-2302\" src=\"http:\/\/parapnte.educacion.navarra.es\/wp-content\/uploads\/2015\/11\/unetbootin-150x150.png\" alt=\"UNetbootin\" width=\"150\" height=\"150\" \/><\/a><\/td>\n<td style=\"text-align: center;\" width=\"200px\"><a href=\"https:\/\/unetbootin.github.io\/\" target=\"_blank\">UNetbootin<\/a><\/td>\n<td><b>UNetbootin<\/b> (Universal Netboot Installer) es una software multiplataforma que permite la instalaci\u00f3n de varias distribuciones GNU\/Linux desde una memoria USB o desde un disco duro USB sin necesidad de usar un CDo DVD.<\/td>\n<\/tr>\n<p><!-- Fila 4 --><\/p>\n<tr>\n<td>\u00a0<a href=\"http:\/\/hddguru.com\/software\/HDD-LLF-Low-Level-Format-Tool\/\" target=\"_blank\"><img loading=\"lazy\" class=\"aligncenter size-thumbnail wp-image-2303\" src=\"http:\/\/parapnte.educacion.navarra.es\/wp-content\/uploads\/2015\/11\/low_level_format-150x150.png\" alt=\"HDD Low Level Format Tool\" width=\"150\" height=\"150\" \/><\/a><\/td>\n<td style=\"text-align: center;\" width=\"200px\"><a href=\"http:\/\/hddguru.com\/software\/HDD-LLF-Low-Level-Format-Tool\/\" target=\"_blank\">HDD Low Level Format Tool<\/a><\/td>\n<td>HDD Low Level Format Tool es un programa para formatear discos duros internos y externos, as\u00ed como memorias port\u00e1tiles a trav\u00e9s de USB y Firewire.<\/td>\n<\/tr>\n<p><!-- Fila 5 --><\/p>\n<tr>\n<td>\u00a0<a href=\"http:\/\/www.pendrivelinux.com\/yumi-multiboot-usb-creator\/\" target=\"_blank\"><img loading=\"lazy\" class=\"alignnone size-thumbnail wp-image-3784\" src=\"http:\/\/parapnte.educacion.navarra.es\/wp-content\/uploads\/2015\/11\/YUMI-Boot-Menu-150x150.png\" alt=\"YUMI-Boot-Menu\" width=\"150\" height=\"150\" \/><\/a><a href=\"http:\/\/hddguru.com\/software\/HDD-LLF-Low-Level-Format-Tool\/\" target=\"_blank\"><br \/>\n<\/a><\/td>\n<td style=\"text-align: center;\" width=\"200px\"><a href=\"http:\/\/www.pendrivelinux.com\/yumi-multiboot-usb-creator\/\" target=\"_blank\">YUMI &#8211; Multiboot USB Creator<\/a><\/td>\n<td>Herramienta que utiliza syslinux para arrancar distintas distribuciones de linux en una unidad de disco USB. Se puede utilizar para sistemas operativos, utilidades de antivirus, clonado de discos, herramientas de diagn\u00f3stico y otras utilidades varias.<\/td>\n<\/tr>\n<p><!-- Fila 6 --><\/p>\n<tr>\n<td>\u00a0<a href=\"https:\/\/www.piriform.com\/defraggler\/download\/standard\" target=\"_blank\"><img loading=\"lazy\" class=\"aligncenter size-thumbnail wp-image-2309\" src=\"http:\/\/parapnte.educacion.navarra.es\/wp-content\/uploads\/2015\/11\/defraggler-150x150.jpg\" alt=\"Defraggler\" width=\"150\" height=\"150\" \/><\/a><\/td>\n<td style=\"text-align: center;\" width=\"200px\"><a href=\"https:\/\/www.piriform.com\/defraggler\/download\/standard\" target=\"_blank\">Defraggler<\/a><\/td>\n<td>Un interesante desfragmentador de archivos y discos duros.<\/td>\n<\/tr>\n<p><!-- Fila 7 --><\/p>\n<tr>\n<td>\u00a0<a href=\"https:\/\/www.piriform.com\/recuva\/download\/standard\" target=\"_blank\"><img loading=\"lazy\" class=\"aligncenter size-thumbnail wp-image-2310\" src=\"http:\/\/parapnte.educacion.navarra.es\/wp-content\/uploads\/2015\/11\/recuva-150x150.jpg\" alt=\"Recuva\" width=\"150\" height=\"150\" \/><\/a><\/td>\n<td style=\"text-align: center;\" width=\"200px\"><a href=\"https:\/\/www.piriform.com\/recuva\/download\/standard\" target=\"_blank\">Recuva<\/a><\/td>\n<td>Utilidad gratuita para Windows que te permite recuperar archivos eliminados por error de tu ordenador.<\/td>\n<\/tr>\n<p><!-- Fila 8 --><\/p>\n<tr>\n<td>\u00a0<a href=\"http:\/\/www.hirensbootcd.org\/tag\/download-hirens-cd\/\" target=\"_blank\"><img loading=\"lazy\" class=\"aligncenter size-thumbnail wp-image-2311\" src=\"http:\/\/parapnte.educacion.navarra.es\/wp-content\/uploads\/2015\/11\/hirensboot-150x150.png\" alt=\"Hiren's BootCD\" width=\"150\" height=\"150\" srcset=\"https:\/\/parapnte.educacion.navarra.es\/wp-content\/uploads\/2015\/11\/hirensboot-150x150.png 150w, https:\/\/parapnte.educacion.navarra.es\/wp-content\/uploads\/2015\/11\/hirensboot-300x300.png 300w, https:\/\/parapnte.educacion.navarra.es\/wp-content\/uploads\/2015\/11\/hirensboot.png 400w\" sizes=\"(max-width: 150px) 100vw, 150px\" \/><\/a><\/td>\n<td style=\"text-align: center;\" width=\"200px\"><a href=\"http:\/\/www.hirensbootcd.org\/tag\/download-hirens-cd\/\" target=\"_blank\">Hiren&#8217;s BootCD<\/a><\/td>\n<td>Hiren&#8217;s BootCD es un CD <i>booteable<\/i> que contiene un kit de herramientas que pueden ser muy \u00fatiles cuando el sistema no quiere arrancar. Tambi\u00e9n se puede instalar en una memoria USB para iniciar desde esta. Hiren&#8217;s BootCD contiene antivirus, programas de limpieza, particionamiento, recuperaci\u00f3n, respaldo, analizadores de disco duro, etc.<\/td>\n<\/tr>\n<p><!-- Fila 9 --><\/p>\n<tr>\n<td><a href=\"https:\/\/123apps.com\/es\/\" target=\"_blank\"><img loading=\"lazy\" class=\"size-thumbnail wp-image-3548\" src=\"http:\/\/parapnte.educacion.navarra.es\/wp-content\/uploads\/2016\/02\/123apps-150x150.png\" alt=\"123apps, Free online multimedia software\" width=\"150\" height=\"150\" \/><\/a><\/p>\n<p><a href=\"http:\/\/www.hirensbootcd.org\/tag\/download-hirens-cd\/\" target=\"_blank\"><br \/>\n<\/a><\/td>\n<td style=\"text-align: center;\" width=\"200px\"><a href=\"https:\/\/123apps.com\/es\/\" target=\"_blank\">123apps<\/a><\/td>\n<td><a href=\"https:\/\/123apps.com\/es\/\" target=\"_blank\">123apps<\/a> es una suite de aplicaciones\u00a0basadas en la web con las que podemos, utilizando tan s\u00f3lo un navegador, realizar variadas tareas de edici\u00f3n de archivos de audio y v\u00eddeo de forma sencilla, segura y sin ning\u00fan coste.<\/td>\n<\/tr>\n<p><!-- Fila 10 --><\/p>\n<tr>\n<td><a href=\"https:\/\/www.wetransfer.com\/\" target=\"_blank\"><img loading=\"lazy\" class=\"size-thumbnail wp-image-3590\" src=\"http:\/\/parapnte.educacion.navarra.es\/wp-content\/uploads\/2016\/02\/wetransfer-150x150.jpg\" alt=\"WeTransfer\" width=\"150\" height=\"150\" \/><\/a><\/p>\n<p><a href=\"http:\/\/www.hirensbootcd.org\/tag\/download-hirens-cd\/\" target=\"_blank\"><br \/>\n<\/a><\/td>\n<td style=\"text-align: center;\" width=\"200px\"><a href=\"https:\/\/www.wetransfer.com\/\" target=\"_blank\">WeTransfer<\/a><\/td>\n<td><a href=\"https:\/\/www.wetransfer.com\/\" target=\"_blank\">WeTransfer<\/a>\u00a0ofrece un servicio gratuito para enviar archivos de <strong>hasta 2GB<\/strong> de capacidad. Para ello\u00a0tan s\u00f3lo tenemos que buscar el archivo a enviar, escribir el email del destinatario, tu email y un mensaje opcional, y eso es todo. Por su parte, la persona que reciba el mensaje podr\u00e1 descargar el archivo en dos clics.<\/td>\n<\/tr>\n<p><!-- Fila 11 --><\/p>\n<tr>\n<td><a href=\"http:\/\/5minutestorage.com\/\" target=\"_blank\"><img loading=\"lazy\" class=\"alignnone size-thumbnail wp-image-3592\" src=\"http:\/\/parapnte.educacion.navarra.es\/wp-content\/uploads\/2016\/02\/5minutestorage-150x150.png\" alt=\"5 Minute Storage\" width=\"150\" height=\"150\" \/><\/a><\/td>\n<td style=\"text-align: center;\" width=\"200px\"><a href=\"http:\/\/5minutestorage.com\/\" target=\"_blank\">5 Minute Storage<\/a><\/td>\n<td><a href=\"http:\/\/5minutestorage.com\/\" target=\"_blank\">5 Minute Storage <\/a>es una web con una apariencia y un mecanismo de uso sencillo. Pulsando en el bot\u00f3n central &#8220;<em>Upload<\/em>&#8221; elegiremos un archivo y, tras su carga, aparecer\u00e1 en pantalla una cuenta atr\u00e1s con el tiempo que el archivo estar\u00e1 disponible, un m\u00e1ximo de 5 minutos. Asimismo nos brindar\u00e1n un link para compartir con las personas destinatarias del archivo que hemos subido.<\/td>\n<\/tr>\n<p><!-- Fila 12 --><\/p>\n<tr>\n<td><a href=\"https:\/\/www.wevideo.com\/\" target=\"_blank\"><img loading=\"lazy\" class=\"size-thumbnail wp-image-3679\" src=\"http:\/\/parapnte.educacion.navarra.es\/wp-content\/uploads\/2016\/02\/wevideo-150x150.png\" alt=\"WeVideo, editor de v\u00eddeo online\" width=\"150\" height=\"150\" \/><\/a><\/td>\n<td style=\"text-align: center;\" width=\"200px\"><a href=\"https:\/\/www.wevideo.com\/\" target=\"_blank\">WeVideo<\/a><\/td>\n<td><a href=\"https:\/\/www.wevideo.com\/\" target=\"_blank\">WeVideo<\/a>\u00a0es\u00a0un completo editor de v\u00eddeo en l\u00ednea. Su versi\u00f3n gratuita permite\u00a0crear un v\u00eddeo f\u00e1cilmente y descargarlo a una unidad de disco. Adem\u00e1s, trabaja en la nube (1GB) y ofrece\u00a0una librer\u00eda de m\u00fasica con licencia para utilizar en los v\u00eddeos<\/td>\n<\/tr>\n<p><!-- Fila 13 --><\/p>\n<tr>\n<td><a href=\"http:\/\/www.online-convert.com\/es\" target=\"_blank\"><img loading=\"lazy\" class=\"size-thumbnail wp-image-990\" src=\"http:\/\/parapnte.educacion.navarra.es\/wp-content\/uploads\/2013\/01\/onlineconvert-150x150.png\" alt=\"onlineconvert\" width=\"150\" height=\"150\" \/><\/a><\/td>\n<td style=\"text-align: center;\" width=\"200px\"><a href=\"http:\/\/www.online-convert.com\/es\" target=\"_blank\">online-convert.com<\/a><\/td>\n<td><a title=\"online-convert\" href=\"http:\/\/www.online-convert.com\/\" target=\"_blank\">online-convert<\/a>\u00a0ofrece conversores de audio, v\u00eddeo, imagen y documentos con una gran variedad de formatos en cada uno de ellos.<\/td>\n<\/tr>\n<\/tbody>\n<\/table>\n<p>&nbsp;<\/p>\n","protected":false},"excerpt":{"rendered":"<p>&nbsp; Irudia Izena Deskribapena \u00a0 TeamViewer Controle remotamente cualquier ordenador o Mac a trav\u00e9s de Internet en solo un par de segundos o utilice TeamViewer para reuniones online. F-Secure Antivirus El PNTE ofrece a los centros educativos el antivirus F-Secure Antivirus for Workstations, para equipos con sistema operativo Microsoft Windows. En virtud del acuerdo establecido [&hellip;]<\/p>\n","protected":false},"author":21,"featured_media":0,"parent":3195,"menu_order":0,"comment_status":"closed","ping_status":"closed","template":"","meta":{"_genesis_hide_title":false,"_genesis_hide_breadcrumbs":false,"_genesis_hide_singular_image":false,"_genesis_hide_footer_widgets":false,"_genesis_custom_body_class":"","_genesis_custom_post_class":"","_genesis_layout":"","jetpack_post_was_ever_published":false},"jetpack_sharing_enabled":true,"jetpack_likes_enabled":true,"_links":{"self":[{"href":"https:\/\/parapnte.educacion.navarra.es\/eu\/wp-json\/wp\/v2\/pages\/3203"}],"collection":[{"href":"https:\/\/parapnte.educacion.navarra.es\/eu\/wp-json\/wp\/v2\/pages"}],"about":[{"href":"https:\/\/parapnte.educacion.navarra.es\/eu\/wp-json\/wp\/v2\/types\/page"}],"author":[{"embeddable":true,"href":"https:\/\/parapnte.educacion.navarra.es\/eu\/wp-json\/wp\/v2\/users\/21"}],"replies":[{"embeddable":true,"href":"https:\/\/parapnte.educacion.navarra.es\/eu\/wp-json\/wp\/v2\/comments?post=3203"}],"version-history":[{"count":0,"href":"https:\/\/parapnte.educacion.navarra.es\/eu\/wp-json\/wp\/v2\/pages\/3203\/revisions"}],"up":[{"embeddable":true,"href":"https:\/\/parapnte.educacion.navarra.es\/eu\/wp-json\/wp\/v2\/pages\/3195"}],"wp:attachment":[{"href":"https:\/\/parapnte.educacion.navarra.es\/eu\/wp-json\/wp\/v2\/media?parent=3203"}],"curies":[{"name":"wp","href":"https:\/\/api.w.org\/{rel}","templated":true}]}}