


{"id":3201,"date":"2015-10-13T12:52:22","date_gmt":"2015-10-13T10:52:22","guid":{"rendered":"http:\/\/parapnte.educacion.navarra.es\/eu\/?page_id=3201"},"modified":"2015-12-18T08:40:04","modified_gmt":"2015-12-18T07:40:04","slug":"herramientas-on-line-presentaciones","status":"publish","type":"page","link":"https:\/\/parapnte.educacion.navarra.es\/eu\/recursos\/herramientas-on-line-presentaciones\/","title":{"rendered":"Aurkezpenak"},"content":{"rendered":"<p>&nbsp;<\/p>\n<table cellspacing=\"10\"><!-- Fila encabezado --><\/p>\n<tbody>\n<tr>\n<th style=\"text-align: left;\">Irudia<\/th>\n<th style=\"text-align: center;\">Izena<\/th>\n<th style=\"text-align: center;\">Deskribapena<\/th>\n<\/tr>\n<p><!-- Fila 0 --><\/p>\n<tr>\n<td><a href=\"https:\/\/www.google.es\/intl\/es\/slides\/about\/\" target=\"_blank\"><img loading=\"lazy\" class=\"aligncenter size-thumbnail wp-image-2138\" src=\"http:\/\/parapnte.educacion.navarra.es\/wp-content\/uploads\/2015\/10\/presentaciones_google-150x150.png\" alt=\"Presentaciones de Google\" width=\"150\" height=\"150\" srcset=\"https:\/\/parapnte.educacion.navarra.es\/wp-content\/uploads\/2015\/10\/presentaciones_google-150x150.png 150w, https:\/\/parapnte.educacion.navarra.es\/wp-content\/uploads\/2015\/10\/presentaciones_google.png 300w\" sizes=\"(max-width: 150px) 100vw, 150px\" \/><\/a><\/td>\n<td style=\"text-align: center;\" width=\"200px\"><a href=\"https:\/\/www.google.es\/intl\/es\/slides\/about\/\" target=\"_blank\">Presentaciones de Google<\/a><\/td>\n<td>Con Presentaciones de Google, puedes crear tus presentaciones, modificarlas, colaborar en ellas en equipo y ense\u00f1arlas en cualquier parte. (<em>Esl\u00f3gan de la herramienta<\/em>)<\/td>\n<\/tr>\n<p><!-- Fila 1 --><\/p>\n<tr>\n<td><a href=\"http:\/\/es.slideshare.net\/\" target=\"_blank\"><img loading=\"lazy\" class=\"aligncenter size-thumbnail wp-image-2127\" src=\"http:\/\/parapnte.educacion.navarra.es\/wp-content\/uploads\/2015\/10\/slideshare-150x150.jpg\" alt=\"Slideshare\" width=\"150\" height=\"150\" srcset=\"https:\/\/parapnte.educacion.navarra.es\/wp-content\/uploads\/2015\/10\/slideshare-150x150.jpg 150w, https:\/\/parapnte.educacion.navarra.es\/wp-content\/uploads\/2015\/10\/slideshare.jpg 300w\" sizes=\"(max-width: 150px) 100vw, 150px\" \/><\/a><\/td>\n<td style=\"text-align: center;\" width=\"200px\"><a href=\"http:\/\/es.slideshare.net\/\" target=\"_blank\">Slideshare.net<\/a><\/td>\n<td>Comunidad que ofrece a los usuarios la posibilidad de subir y compartir en p\u00fablico o en privado <strong>presentaciones de diapositivas en<\/strong> <strong>PowerPoint<\/strong> (.ppt,.pps,.pptx,.ppsx,.pot y.potx), <strong>OpenOffice<\/strong> (.odp); presentaciones e infograf\u00edas <strong>PDF<\/strong> (.pdf); documentos en Adobe PDF (.pdf), <strong>Microsoft Word <\/strong>(.doc,.docx y.rtf) y <strong>OpenOffice<\/strong> (.odt) y la mayor\u00eda de <strong>documentos de texto sin formato<\/strong> (.txt),<sup id=\"cite_ref-1\" class=\"reference\">1<\/sup> e incluso algunos formatos de <strong>audio y v\u00eddeo<\/strong>. (<em>Wikipedia<\/em>)<\/td>\n<\/tr>\n<p><!-- Fila 2 --><\/p>\n<tr>\n<td>\u00a0<a href=\"https:\/\/prezi.com\/\" target=\"_blank\"><img loading=\"lazy\" class=\"aligncenter size-thumbnail wp-image-2129\" src=\"http:\/\/parapnte.educacion.navarra.es\/wp-content\/uploads\/2015\/10\/Prezi_logo-150x150.png\" alt=\"Prezi\" width=\"150\" height=\"150\" srcset=\"https:\/\/parapnte.educacion.navarra.es\/wp-content\/uploads\/2015\/10\/Prezi_logo-150x150.png 150w, https:\/\/parapnte.educacion.navarra.es\/wp-content\/uploads\/2015\/10\/Prezi_logo.png 180w\" sizes=\"(max-width: 150px) 100vw, 150px\" \/><\/a><\/td>\n<td style=\"text-align: center;\" width=\"200px\"><a href=\"https:\/\/prezi.com\/\" target=\"_blank\">Prezi<\/a><\/td>\n<td>Programa de presentaciones para explorar y compartir ideas sobre un documento virtual basado en la inform\u00e1tica en nube (software como servicio).\u00a0La aplicaci\u00f3n se distingue por su interfaz gr\u00e1fica con\u00a0<i>zoom<\/i>, que permite a los usuarios disponer de una visi\u00f3n m\u00e1s acercada o alejada de la zona de presentaci\u00f3n.\u00a0(<em>Wikipedia<\/em>)<\/td>\n<\/tr>\n<p><!-- Fila 3 --><\/p>\n<tr>\n<td>\u00a0<a href=\"https:\/\/tackk.com\/\" target=\"_blank\"><img loading=\"lazy\" class=\"aligncenter size-thumbnail wp-image-2130\" src=\"http:\/\/parapnte.educacion.navarra.es\/wp-content\/uploads\/2015\/10\/tackk-150x113.png\" alt=\"Tackk\" width=\"150\" height=\"113\" \/><\/a><\/td>\n<td style=\"text-align: center;\" width=\"200px\"><a href=\"https:\/\/tackk.com\/\" target=\"_blank\">Tackk<\/a><\/td>\n<td>Tackk es un lugar para conectar con los amigos, compartir creatividad y tener conversaciones. Combinando momentos creativos y contenido social, Tackk facilita la creaci\u00f3n de presentaciones.<\/td>\n<\/tr>\n<p><!-- Fila 4 --><\/p>\n<tr>\n<td>\u00a0<a href=\"https:\/\/present.me\" target=\"_blank\"><img loading=\"lazy\" class=\"aligncenter size-thumbnail wp-image-2131\" src=\"http:\/\/parapnte.educacion.navarra.es\/wp-content\/uploads\/2015\/10\/present_me-150x150.png\" alt=\"present.me\" width=\"150\" height=\"150\" \/><\/a><\/td>\n<td style=\"text-align: center;\" width=\"200px\"><a href=\"https:\/\/present.me\" target=\"_blank\">Present.me\u00a0<\/a><\/td>\n<td>\u00a0Comparte tus presentaciones con v\u00eddeos explicativos.<\/td>\n<\/tr>\n<p><!-- Fila 5 --><\/p>\n<tr>\n<td>\u00a0<a href=\"https:\/\/www.buncee.com\/\" target=\"_blank\"><img loading=\"lazy\" class=\"aligncenter size-thumbnail wp-image-2132\" src=\"http:\/\/parapnte.educacion.navarra.es\/wp-content\/uploads\/2015\/10\/buncee-150x150.png\" alt=\"buncee\" width=\"150\" height=\"150\" srcset=\"https:\/\/parapnte.educacion.navarra.es\/wp-content\/uploads\/2015\/10\/buncee-150x150.png 150w, https:\/\/parapnte.educacion.navarra.es\/wp-content\/uploads\/2015\/10\/buncee-300x300.png 300w, https:\/\/parapnte.educacion.navarra.es\/wp-content\/uploads\/2015\/10\/buncee.png 510w\" sizes=\"(max-width: 150px) 100vw, 150px\" \/><\/a><\/td>\n<td style=\"text-align: center;\" width=\"200px\"><a href=\"https:\/\/www.buncee.com\/\" target=\"_blank\">Buncee<\/a><\/td>\n<td>Crear presentaciones con fotos, audio, animaciones, v\u00eddeos, PDFs, etc. simplemente con la t\u00e9cnica drag and drop, arrastra y suelta.<\/td>\n<\/tr>\n<p><!-- Fila 6 --><\/p>\n<tr>\n<td>\u00a0<a href=\"https:\/\/www.powtoon.com\/edu-home\/g\/es\/\" target=\"_blank\"><img loading=\"lazy\" class=\"aligncenter size-thumbnail wp-image-2133\" src=\"http:\/\/parapnte.educacion.navarra.es\/wp-content\/uploads\/2015\/10\/powtoon-150x138.png\" alt=\"PowToon\" width=\"150\" height=\"138\" \/><\/a><\/td>\n<td style=\"text-align: center;\" width=\"200px\"><a href=\"https:\/\/www.powtoon.com\/edu-home\/g\/es\/\" target=\"_blank\">PowToon<\/a><\/td>\n<td>Con PowToon puedes crear v\u00eddeos animados y presentaciones tan f\u00e1cil como con PowerPoint.<\/td>\n<\/tr>\n<p><!-- Fila 7 --><\/p>\n<tr>\n<td>\u00a0<a href=\"https:\/\/www.blendspace.com\/\" target=\"_blank\"><img loading=\"lazy\" class=\"aligncenter size-thumbnail wp-image-2134\" src=\"http:\/\/parapnte.educacion.navarra.es\/wp-content\/uploads\/2015\/10\/blendspace-150x150.png\" alt=\"blendspace\" width=\"150\" height=\"150\" srcset=\"https:\/\/parapnte.educacion.navarra.es\/wp-content\/uploads\/2015\/10\/blendspace-150x150.png 150w, https:\/\/parapnte.educacion.navarra.es\/wp-content\/uploads\/2015\/10\/blendspace.png 200w\" sizes=\"(max-width: 150px) 100vw, 150px\" \/><\/a><a href=\"https:\/\/www.buncee.com\/\" target=\"_blank\"><br \/>\n<\/a><\/td>\n<td style=\"text-align: center;\" width=\"200px\"><a href=\"https:\/\/www.blendspace.com\/\" target=\"_blank\">Blendspace<\/a><\/td>\n<td>Para recopilar material educativo de forma visual y sencilla.<\/td>\n<\/tr>\n<p><!-- Fila 8 --><\/p>\n<tr>\n<td>\u00a0<a href=\"https:\/\/www.haikudeck.com\/\" target=\"_blank\"><img loading=\"lazy\" class=\"aligncenter size-thumbnail wp-image-2135\" src=\"http:\/\/parapnte.educacion.navarra.es\/wp-content\/uploads\/2015\/10\/Haiku_Deck-150x150.png\" alt=\"Haiku Deck\" width=\"150\" height=\"150\" \/><\/a><a href=\"http:\/\/codigo21.educacion.navarra.es\/wp-content\/uploads\/2015\/09\/lego_nxt.png\"><br \/>\n<\/a><\/td>\n<td style=\"text-align: center;\" width=\"200px\"><a href=\"https:\/\/www.haikudeck.com\/\" target=\"_blank\">Haiku Deck<\/a><\/td>\n<td>Permite crear diapositivas f\u00e1cilmente, incluso desde dispositivos m\u00f3viles, y se alojan en la nube.<\/td>\n<\/tr>\n<p><!-- Fila 9 --><\/p>\n<tr>\n<td>\u00a0<a href=\"https:\/\/www.genial.ly\/\" target=\"_blank\"><img loading=\"lazy\" class=\"aligncenter size-thumbnail wp-image-2136\" src=\"http:\/\/parapnte.educacion.navarra.es\/wp-content\/uploads\/2015\/10\/genially-150x150.png\" alt=\"Genially\" width=\"150\" height=\"150\" srcset=\"https:\/\/parapnte.educacion.navarra.es\/wp-content\/uploads\/2015\/10\/genially-150x150.png 150w, https:\/\/parapnte.educacion.navarra.es\/wp-content\/uploads\/2015\/10\/genially-300x300.png 300w, https:\/\/parapnte.educacion.navarra.es\/wp-content\/uploads\/2015\/10\/genially.png 512w\" sizes=\"(max-width: 150px) 100vw, 150px\" \/><\/a><a href=\"http:\/\/codigo21.educacion.navarra.es\/wp-content\/uploads\/2015\/09\/lego_nxt.png\"><br \/>\n<\/a><\/td>\n<td style=\"text-align: center;\" width=\"200px\"><a href=\"https:\/\/www.genial.ly\/\" target=\"_blank\">Genially<\/a><\/td>\n<td>Genially es una aplicaci\u00f3n que te permite crear contenidos interactivos (im\u00e1genes, p\u00f3sters, presentaciones, gu\u00edas, cat\u00e1logos\u2026) capaces de contar historias atractivas, amenas y amigable, sin conocimientos en programaci\u00f3n.<\/td>\n<\/tr>\n<p><!-- Fila 10 --><\/p>\n<tr>\n<td>\u00a0<a href=\"http:\/\/www.videoscribe.co\/\" target=\"_blank\"><img loading=\"lazy\" class=\"aligncenter size-thumbnail wp-image-2137\" src=\"http:\/\/parapnte.educacion.navarra.es\/wp-content\/uploads\/2015\/10\/videoscribe-150x150.png\" alt=\"VideoScribe\" width=\"150\" height=\"150\" \/><\/a><a href=\"http:\/\/codigo21.educacion.navarra.es\/wp-content\/uploads\/2015\/09\/lego_nxt.png\"><br \/>\n<\/a><\/td>\n<td style=\"text-align: center;\" width=\"200px\"><a href=\"http:\/\/www.videoscribe.co\/\" target=\"_blank\">VideoScribe<\/a><\/td>\n<td>Haz tus propios v\u00eddeos o presentaciones\u00a0con\u00a0VideoScribe de forma sencilla\u00a0e intuitiva. Con VideoScribe se pueden crear animaciones sin tener conocimientos en dise\u00f1o gr\u00e1fico, con aspecto profesional.<\/td>\n<\/tr>\n<\/tbody>\n<\/table>\n<p>Volver al listado de herramientas on-line<\/p>\n","protected":false},"excerpt":{"rendered":"<p>&nbsp; Irudia Izena Deskribapena Presentaciones de Google Con Presentaciones de Google, puedes crear tus presentaciones, modificarlas, colaborar en ellas en equipo y ense\u00f1arlas en cualquier parte. (Esl\u00f3gan de la herramienta) Slideshare.net Comunidad que ofrece a los usuarios la posibilidad de subir y compartir en p\u00fablico o en privado presentaciones de diapositivas en PowerPoint (.ppt,.pps,.pptx,.ppsx,.pot y.potx), [&hellip;]<\/p>\n","protected":false},"author":21,"featured_media":0,"parent":3195,"menu_order":0,"comment_status":"closed","ping_status":"closed","template":"","meta":{"_genesis_hide_title":false,"_genesis_hide_breadcrumbs":false,"_genesis_hide_singular_image":false,"_genesis_hide_footer_widgets":false,"_genesis_custom_body_class":"","_genesis_custom_post_class":"","_genesis_layout":"","jetpack_post_was_ever_published":false},"jetpack_sharing_enabled":true,"jetpack_likes_enabled":true,"_links":{"self":[{"href":"https:\/\/parapnte.educacion.navarra.es\/eu\/wp-json\/wp\/v2\/pages\/3201"}],"collection":[{"href":"https:\/\/parapnte.educacion.navarra.es\/eu\/wp-json\/wp\/v2\/pages"}],"about":[{"href":"https:\/\/parapnte.educacion.navarra.es\/eu\/wp-json\/wp\/v2\/types\/page"}],"author":[{"embeddable":true,"href":"https:\/\/parapnte.educacion.navarra.es\/eu\/wp-json\/wp\/v2\/users\/21"}],"replies":[{"embeddable":true,"href":"https:\/\/parapnte.educacion.navarra.es\/eu\/wp-json\/wp\/v2\/comments?post=3201"}],"version-history":[{"count":0,"href":"https:\/\/parapnte.educacion.navarra.es\/eu\/wp-json\/wp\/v2\/pages\/3201\/revisions"}],"up":[{"embeddable":true,"href":"https:\/\/parapnte.educacion.navarra.es\/eu\/wp-json\/wp\/v2\/pages\/3195"}],"wp:attachment":[{"href":"https:\/\/parapnte.educacion.navarra.es\/eu\/wp-json\/wp\/v2\/media?parent=3201"}],"curies":[{"name":"wp","href":"https:\/\/api.w.org\/{rel}","templated":true}]}}