


{"id":3200,"date":"2015-11-02T15:02:45","date_gmt":"2015-11-02T14:02:45","guid":{"rendered":"http:\/\/parapnte.educacion.navarra.es\/eu\/?page_id=3200"},"modified":"2015-12-18T08:35:59","modified_gmt":"2015-12-18T07:35:59","slug":"herramientas-on-line-ofimatica","status":"publish","type":"page","link":"https:\/\/parapnte.educacion.navarra.es\/eu\/recursos\/herramientas-on-line-ofimatica\/","title":{"rendered":"Ofimatika"},"content":{"rendered":"<p>&nbsp;<\/p>\n<table cellspacing=\"10\"><!-- Fila encabezado --><\/p>\n<tbody>\n<tr>\n<th style=\"text-align: left;\">Irudia<\/th>\n<th style=\"text-align: center;\">Izena<\/th>\n<th style=\"text-align: center;\">Deskribapena<\/th>\n<\/tr>\n<p><!-- Fila 0 --><\/p>\n<tr>\n<td><a href=\"https:\/\/www.google.es\/intl\/es\/docs\/about\/\" target=\"_blank\"><img loading=\"lazy\" class=\"aligncenter wp-image-2238\" src=\"http:\/\/parapnte.educacion.navarra.es\/wp-content\/uploads\/2015\/11\/Google_docs.png\" alt=\"Google Docs\" width=\"128\" height=\"128\" \/><\/a><\/td>\n<td style=\"text-align: center;\" width=\"200px\"><a href=\"https:\/\/www.google.es\/intl\/es\/docs\/about\/\" target=\"_blank\">Google Docs<\/a><\/td>\n<td>Google Docs es un procesador de texto online que te permite crear y dar formato a documentos de texto, adem\u00e1s de colaborar con otras personas en tiempo real.<\/td>\n<\/tr>\n<p><!-- Fila 1 --><\/p>\n<tr>\n<td>\u00a0<a href=\"https:\/\/www.canva.com\/\" target=\"_blank\"><br \/>\n<\/a><a href=\"https:\/\/www.google.es\/intl\/es\/sheets\/about\/\" target=\"_blank\"><img loading=\"lazy\" class=\"aligncenter size-thumbnail wp-image-2239\" src=\"http:\/\/parapnte.educacion.navarra.es\/wp-content\/uploads\/2015\/11\/hojas_calculo_google-150x150.png\" alt=\"Hojas de c\u00e1lculo de Google\" width=\"150\" height=\"150\" srcset=\"https:\/\/parapnte.educacion.navarra.es\/wp-content\/uploads\/2015\/11\/hojas_calculo_google-150x150.png 150w, https:\/\/parapnte.educacion.navarra.es\/wp-content\/uploads\/2015\/11\/hojas_calculo_google.png 300w\" sizes=\"(max-width: 150px) 100vw, 150px\" \/><\/a><\/td>\n<td style=\"text-align: center;\" width=\"200px\"><a href=\"https:\/\/www.google.es\/intl\/es\/sheets\/about\/\" target=\"_blank\">Hojas de c\u00e1lculo de Google<\/a><\/td>\n<td>Hojas de c\u00e1lculo de Google es una aplicaci\u00f3n de hojas de c\u00e1lculo online que te permite crear y dar formato a hojas de c\u00e1lculo, adem\u00e1s de colaborar simult\u00e1neamente con otras personas.<\/td>\n<\/tr>\n<p><!-- Fila 2 --><\/p>\n<tr>\n<td><a href=\"https:\/\/www.google.es\/intl\/es\/slides\/about\/\" target=\"_blank\"><img loading=\"lazy\" class=\"aligncenter size-thumbnail wp-image-2240\" src=\"http:\/\/parapnte.educacion.navarra.es\/wp-content\/uploads\/2015\/11\/presentaciones_google-150x150.png\" alt=\"Presentaciones de Google\" width=\"150\" height=\"150\" srcset=\"https:\/\/parapnte.educacion.navarra.es\/wp-content\/uploads\/2015\/11\/presentaciones_google-150x150.png 150w, https:\/\/parapnte.educacion.navarra.es\/wp-content\/uploads\/2015\/11\/presentaciones_google.png 300w\" sizes=\"(max-width: 150px) 100vw, 150px\" \/><\/a><\/td>\n<td style=\"text-align: center;\" width=\"200px\"><a href=\"https:\/\/www.google.es\/intl\/es\/slides\/about\/\" target=\"_blank\">Presentaciones de Google<\/a><\/td>\n<td>Presentaciones de Google es una aplicaci\u00f3n de presentaciones online que te permite mostrar tu trabajo de modo visual.<\/td>\n<\/tr>\n<p><!-- Fila 3 --><\/p>\n<tr>\n<td>\u00a0<a href=\"http:\/\/www.sumopaint.com\/app\/\" target=\"_blank\"><br \/>\n<\/a><a href=\"https:\/\/www.google.es\/intl\/es\/forms\/about\/\" target=\"_blank\"><img loading=\"lazy\" class=\"aligncenter size-thumbnail wp-image-2242\" src=\"http:\/\/parapnte.educacion.navarra.es\/wp-content\/uploads\/2015\/11\/formularios_google2-150x150.png\" alt=\"Formularios de Google\" width=\"150\" height=\"150\" srcset=\"https:\/\/parapnte.educacion.navarra.es\/wp-content\/uploads\/2015\/11\/formularios_google2-150x150.png 150w, https:\/\/parapnte.educacion.navarra.es\/wp-content\/uploads\/2015\/11\/formularios_google2.png 300w\" sizes=\"(max-width: 150px) 100vw, 150px\" \/><\/a><a href=\"http:\/\/www.visme.co\/\" target=\"_blank\"><br \/>\n<\/a><\/td>\n<td style=\"text-align: center;\" width=\"200px\"><a href=\"https:\/\/www.google.es\/intl\/es\/forms\/about\/\" target=\"_blank\">Formularios de Google<\/a><\/td>\n<td>Recopila y organiza todo tipo de informaci\u00f3n con Formularios de Google.<\/td>\n<\/tr>\n<p><!-- Fila 4 --><\/p>\n<tr>\n<td>\u00a0<a href=\"https:\/\/www.office.com\/\" target=\"_blank\"><img loading=\"lazy\" class=\"aligncenter size-thumbnail wp-image-2245\" src=\"http:\/\/parapnte.educacion.navarra.es\/wp-content\/uploads\/2015\/11\/office_online-2-150x150.png\" alt=\"Microsoft Office Online\" width=\"150\" height=\"150\" \/><\/a><\/td>\n<td style=\"text-align: center;\" width=\"200px\"><a href=\"https:\/\/www.office.com\/\" target=\"_blank\">Office Online<\/a><\/td>\n<td>Versi\u00f3n en l\u00ednea de Word, Excel, PowerPoint, OneNote, Sway, Correo, Contactos, Calendario, OneDrive y Docs.com<\/td>\n<\/tr>\n<p><!-- Fila 5 --><\/p>\n<tr>\n<td>\u00a0<a href=\"http:\/\/photoraster.com\/\" target=\"_blank\"><br \/>\n<\/a><a href=\"https:\/\/www.dropbox.com\/paper\" target=\"_blank\"><img loading=\"lazy\" class=\"aligncenter size-thumbnail wp-image-2246\" src=\"http:\/\/parapnte.educacion.navarra.es\/wp-content\/uploads\/2015\/11\/dropbox_paper1-150x150.png\" alt=\"Dropbox Paper\" width=\"150\" height=\"150\" \/><\/a><\/td>\n<td style=\"text-align: center;\" width=\"200px\"><a href=\"https:\/\/www.dropbox.com\/paper\" target=\"_blank\">Dropbox Paper<\/a><\/td>\n<td><a href=\"https:\/\/www.dropbox.com\/paper\" target=\"_blank\">Dropbox Paper<\/a> nos permitir\u00e1 realizar tareas similares a la de otros procesadores de texto online, como crear documentos, guardarlos en su nube y compartirlos con otras personas f\u00e1cilmente.<\/td>\n<\/tr>\n<p><!-- Fila 6 --><\/p>\n<tr>\n<td>\u00a0<a href=\"https:\/\/www.zoho.com\/\" target=\"_blank\"><img loading=\"lazy\" class=\"aligncenter size-full wp-image-2247\" src=\"http:\/\/parapnte.educacion.navarra.es\/wp-content\/uploads\/2015\/11\/zoho.png\" alt=\"Zoho\" width=\"92\" height=\"92\" \/><\/a><\/td>\n<td style=\"text-align: center;\" width=\"200px\"><a href=\"https:\/\/www.zoho.com\/\" target=\"_blank\">Zoho<\/a><\/td>\n<td>Suite de Ofim\u00e1tica similar a las herramientas de Google, disponible en castellano. <a href=\"https:\/\/www.zoho.com\/docs\/\" target=\"_blank\">Zoho Docs<\/a>, por ejemplo, es su apuesta de procesador de textos online.<\/td>\n<\/tr>\n<p><!-- Fila 10 --><\/p>\n<tr>\n<td>\u00a0<a href=\"https:\/\/buffer.com\/pablo\" target=\"_blank\"><br \/>\n<\/a><a href=\"http:\/\/member.thinkfree.com\/\"><img loading=\"lazy\" class=\"aligncenter size-thumbnail wp-image-2248\" src=\"http:\/\/parapnte.educacion.navarra.es\/wp-content\/uploads\/2015\/11\/thinkfree-150x150.png\" alt=\"ThinkFree\" width=\"150\" height=\"150\" srcset=\"https:\/\/parapnte.educacion.navarra.es\/wp-content\/uploads\/2015\/11\/thinkfree-150x150.png 150w, https:\/\/parapnte.educacion.navarra.es\/wp-content\/uploads\/2015\/11\/thinkfree.png 300w\" sizes=\"(max-width: 150px) 100vw, 150px\" \/><\/a><\/td>\n<td style=\"text-align: center;\" width=\"200px\"><a href=\"http:\/\/member.thinkfree.com\/\" target=\"_blank\">ThinkFree<\/a><\/td>\n<td>Paquete Office Web gratuito de 1 GB de almacenamiento en l\u00ednea.<\/td>\n<\/tr>\n<\/tbody>\n<\/table>\n<p>Volver al listado de herramientas on-line<\/p>\n","protected":false},"excerpt":{"rendered":"<p>&nbsp; Irudia Izena Deskribapena Google Docs Google Docs es un procesador de texto online que te permite crear y dar formato a documentos de texto, adem\u00e1s de colaborar con otras personas en tiempo real. \u00a0 Hojas de c\u00e1lculo de Google Hojas de c\u00e1lculo de Google es una aplicaci\u00f3n de hojas de c\u00e1lculo online que te [&hellip;]<\/p>\n","protected":false},"author":21,"featured_media":0,"parent":3195,"menu_order":0,"comment_status":"closed","ping_status":"closed","template":"","meta":{"_genesis_hide_title":false,"_genesis_hide_breadcrumbs":false,"_genesis_hide_singular_image":false,"_genesis_hide_footer_widgets":false,"_genesis_custom_body_class":"","_genesis_custom_post_class":"","_genesis_layout":"","jetpack_post_was_ever_published":false},"jetpack_sharing_enabled":true,"jetpack_likes_enabled":true,"_links":{"self":[{"href":"https:\/\/parapnte.educacion.navarra.es\/eu\/wp-json\/wp\/v2\/pages\/3200"}],"collection":[{"href":"https:\/\/parapnte.educacion.navarra.es\/eu\/wp-json\/wp\/v2\/pages"}],"about":[{"href":"https:\/\/parapnte.educacion.navarra.es\/eu\/wp-json\/wp\/v2\/types\/page"}],"author":[{"embeddable":true,"href":"https:\/\/parapnte.educacion.navarra.es\/eu\/wp-json\/wp\/v2\/users\/21"}],"replies":[{"embeddable":true,"href":"https:\/\/parapnte.educacion.navarra.es\/eu\/wp-json\/wp\/v2\/comments?post=3200"}],"version-history":[{"count":0,"href":"https:\/\/parapnte.educacion.navarra.es\/eu\/wp-json\/wp\/v2\/pages\/3200\/revisions"}],"up":[{"embeddable":true,"href":"https:\/\/parapnte.educacion.navarra.es\/eu\/wp-json\/wp\/v2\/pages\/3195"}],"wp:attachment":[{"href":"https:\/\/parapnte.educacion.navarra.es\/eu\/wp-json\/wp\/v2\/media?parent=3200"}],"curies":[{"name":"wp","href":"https:\/\/api.w.org\/{rel}","templated":true}]}}