


{"id":3199,"date":"2015-10-14T08:52:55","date_gmt":"2015-10-14T06:52:55","guid":{"rendered":"http:\/\/parapnte.educacion.navarra.es\/eu\/?page_id=3199"},"modified":"2015-12-18T08:35:55","modified_gmt":"2015-12-18T07:35:55","slug":"herramientas-on-line-infografias","status":"publish","type":"page","link":"https:\/\/parapnte.educacion.navarra.es\/eu\/recursos\/herramientas-on-line-infografias\/","title":{"rendered":"Infografiak"},"content":{"rendered":"<p>&nbsp;<\/p>\n<table cellspacing=\"10\"><!-- Fila encabezado --><\/p>\n<tbody>\n<tr>\n<th style=\"text-align: left;\">Irudia<\/th>\n<th style=\"text-align: center;\">Izena<\/th>\n<th style=\"text-align: center;\">Deskribapena<\/th>\n<\/tr>\n<p><!-- Fila 0 --><\/p>\n<tr>\n<td>\u00a0<a href=\"http:\/\/piktochart.com\/\" target=\"_blank\"><img loading=\"lazy\" class=\"aligncenter wp-image-2143 size-thumbnail\" src=\"http:\/\/parapnte.educacion.navarra.es\/wp-content\/uploads\/2015\/10\/piktochart-150x107.jpeg\" alt=\"Piktochart\" width=\"150\" height=\"107\" \/><\/a><\/td>\n<td style=\"text-align: center;\" width=\"200px\"><a href=\"http:\/\/piktochart.com\/\" target=\"_blank\">Piktochart<\/a><\/td>\n<td>Infograf\u00edas y presentaciones de gran calidad para imprimir o compartir, a partir de plantillas profesionales.<\/td>\n<\/tr>\n<p><!-- Fila 1 --><\/p>\n<tr>\n<td>\u00a0<a href=\"http:\/\/www.easel.ly\/\" target=\"_blank\"><img loading=\"lazy\" class=\"aligncenter size-full wp-image-2144\" src=\"http:\/\/parapnte.educacion.navarra.es\/wp-content\/uploads\/2015\/10\/easelly.png\" alt=\"Easel.ly\" width=\"97\" height=\"125\" \/><\/a><\/td>\n<td style=\"text-align: center;\" width=\"200px\"><a href=\"http:\/\/www.easel.ly\/\" target=\"_blank\">Easel.ly<\/a><\/td>\n<td>Simple herramienta que ayuda a crear y compartir recursos gr\u00e1ficos (infograf\u00edas, p\u00f3sters) sin tener experiencia en dise\u00f1o gr\u00e1fico.<\/td>\n<\/tr>\n<p><!-- Fila 2 --><\/p>\n<tr>\n<td>\u00a0<a href=\"https:\/\/infogr.am\/\" target=\"_blank\"><img loading=\"lazy\" class=\"aligncenter size-thumbnail wp-image-2145\" src=\"http:\/\/parapnte.educacion.navarra.es\/wp-content\/uploads\/2015\/10\/infogram-150x118.png\" alt=\"Infogr.am\" width=\"150\" height=\"118\" \/><\/a><\/td>\n<td style=\"text-align: center;\" width=\"200px\"><a href=\"https:\/\/infogr.am\/\" target=\"_blank\">Infogr.am<\/a><\/td>\n<td>Crea infograf\u00edas y tablas interactivas en l\u00ednea de forma gratuita y f\u00e1cil.<\/td>\n<\/tr>\n<p><!-- Fila 3 --><\/p>\n<tr>\n<td>\u00a0<a href=\"http:\/\/www.visme.co\/\" target=\"_blank\"><img loading=\"lazy\" class=\"aligncenter size-thumbnail wp-image-2147\" src=\"http:\/\/parapnte.educacion.navarra.es\/wp-content\/uploads\/2015\/10\/visme-150x150.jpg\" alt=\"Visme\" width=\"150\" height=\"150\" \/><\/a><\/td>\n<td style=\"text-align: center;\" width=\"200px\"><a href=\"http:\/\/www.visme.co\/\" target=\"_blank\">Visme<\/a><\/td>\n<td>Crea f\u00e1cilmente presentaciones, animaciones en HTML5, banners, infograf\u00edas y otros contenidos visuales\u00a0con tu navegador.<\/td>\n<\/tr>\n<p><!-- Fila 4 --><\/p>\n<tr>\n<td>\u00a0<a href=\"https:\/\/venngage.com\/\" target=\"_blank\"><img loading=\"lazy\" class=\"aligncenter size-thumbnail wp-image-2148\" src=\"http:\/\/parapnte.educacion.navarra.es\/wp-content\/uploads\/2015\/10\/Venngaye-150x150.png\" alt=\"Venngaye\" width=\"150\" height=\"150\" \/><\/a><\/td>\n<td style=\"text-align: center;\" width=\"200px\"><a href=\"https:\/\/venngage.com\/\" target=\"_blank\">Venngaye<\/a><\/td>\n<td>Herramienta de infograf\u00edas que ayuda a crear bonitos trabajos gratuitamente.<\/td>\n<\/tr>\n<p><!-- Fila 5 --><\/p>\n<tr>\n<td>\u00a0<a href=\"https:\/\/infoactive.co\/\" target=\"_blank\"><img loading=\"lazy\" class=\"aligncenter size-thumbnail wp-image-2149\" src=\"http:\/\/parapnte.educacion.navarra.es\/wp-content\/uploads\/2015\/10\/Infoactive-150x150.png\" alt=\"Infoactive\" width=\"150\" height=\"150\" \/><\/a><\/td>\n<td style=\"text-align: center;\" width=\"200px\"><a href=\"https:\/\/infoactive.co\/\" target=\"_blank\">Infoactive<\/a><\/td>\n<td>Te permite crear y compartir historias interactivas y visuales.<\/td>\n<\/tr>\n<p><!-- Fila 6 --><\/p>\n<tr>\n<td>\u00a0<a href=\"http:\/\/infographicreator.com\/\" target=\"_blank\"><img loading=\"lazy\" class=\"aligncenter size-thumbnail wp-image-2150\" src=\"http:\/\/parapnte.educacion.navarra.es\/wp-content\/uploads\/2015\/10\/Infographicreator-150x150.png\" alt=\"Infographicreator\" width=\"150\" height=\"150\" srcset=\"https:\/\/parapnte.educacion.navarra.es\/wp-content\/uploads\/2015\/10\/Infographicreator-150x150.png 150w, https:\/\/parapnte.educacion.navarra.es\/wp-content\/uploads\/2015\/10\/Infographicreator-300x300.png 300w, https:\/\/parapnte.educacion.navarra.es\/wp-content\/uploads\/2015\/10\/Infographicreator.png 500w\" sizes=\"(max-width: 150px) 100vw, 150px\" \/><\/a><\/td>\n<td style=\"text-align: center;\" width=\"200px\"><a href=\"http:\/\/infographicreator.com\/\" target=\"_blank\">Infographicreator<\/a><\/td>\n<td>Herramienta online simple para visualizar y crear gr\u00e1ficos interactivos e infograf\u00edas.<\/td>\n<\/tr>\n<p><!-- Fila 7 --><\/p>\n<tr>\n<td>\u00a0<a href=\"https:\/\/www.blendspace.com\/\" target=\"_blank\"><br \/>\n<\/a><a href=\"https:\/\/developers.google.com\/chart\/\" target=\"_blank\"><img loading=\"lazy\" class=\"aligncenter size-thumbnail wp-image-2146\" src=\"http:\/\/parapnte.educacion.navarra.es\/wp-content\/uploads\/2015\/10\/google_developers-150x150.jpg\" alt=\"Google Developers\" width=\"150\" height=\"150\" \/><\/a><\/td>\n<td style=\"text-align: center;\" width=\"200px\"><a href=\"https:\/\/developers.google.com\/chart\/\" target=\"_blank\">Google Developers<\/a><\/td>\n<td>Crea gr\u00e1ficos a partir de una variada galer\u00eda para sitios webs.<\/td>\n<\/tr>\n<p><!-- Fila 8 --><\/p>\n<tr>\n<td>\u00a0<a href=\"http:\/\/vizualize.me\/\" target=\"_blank\"><img loading=\"lazy\" class=\"aligncenter size-thumbnail wp-image-2151\" src=\"http:\/\/parapnte.educacion.navarra.es\/wp-content\/uploads\/2015\/10\/Visualizeme-150x150.png\" alt=\"Visualize.me\" width=\"150\" height=\"150\" \/><\/a><\/td>\n<td style=\"text-align: center;\" width=\"200px\"><a href=\"http:\/\/vizualize.me\/\" target=\"_blank\">Visualize.me<\/a><\/td>\n<td>Genera infograf\u00edas de curriculums.<\/td>\n<\/tr>\n<p><!-- Fila 9 --><\/p>\n<tr>\n<td>\u00a0<a href=\"http:\/\/visual.ly\/\" target=\"_blank\"><img loading=\"lazy\" class=\"aligncenter size-thumbnail wp-image-2153\" src=\"http:\/\/parapnte.educacion.navarra.es\/wp-content\/uploads\/2015\/10\/Visually-150x150.jpg\" alt=\"Visual.ly\" width=\"150\" height=\"150\" \/><\/a><\/td>\n<td style=\"text-align: center;\" width=\"200px\"><a href=\"http:\/\/visual.ly\/\" target=\"_blank\">Visual.ly<\/a><\/td>\n<td>Plataforma para crear, visualizar y compartir infograf\u00edas.<\/td>\n<\/tr>\n<p><!-- Fila 10 --><\/p>\n<tr>\n<td>\u00a0<a href=\"https:\/\/play.google.com\/store\/apps\/details?id=mariusSoft.InFotoFree&amp;hl=es\" target=\"_blank\"><img loading=\"lazy\" class=\"aligncenter size-thumbnail wp-image-2152\" src=\"http:\/\/parapnte.educacion.navarra.es\/wp-content\/uploads\/2015\/10\/infotofree-150x150.jpg\" alt=\"InFoto Free\" width=\"150\" height=\"150\" \/><\/a><\/td>\n<td style=\"text-align: center;\" width=\"200px\"><a href=\"https:\/\/play.google.com\/store\/apps\/details?id=mariusSoft.InFotoFree&amp;hl=es\" target=\"_blank\">Photo Infographic Gen Lite<\/a><\/td>\n<td>App que recupera la informaci\u00f3n EXIF y nos ayuda a elaborar infograf\u00edas a partir de nuestras fotos.<\/td>\n<\/tr>\n<\/tbody>\n<\/table>\n<p>Volver al listado de herramientas on-line<\/p>\n","protected":false},"excerpt":{"rendered":"<p>&nbsp; Irudia Izena Deskribapena \u00a0 Piktochart Infograf\u00edas y presentaciones de gran calidad para imprimir o compartir, a partir de plantillas profesionales. \u00a0 Easel.ly Simple herramienta que ayuda a crear y compartir recursos gr\u00e1ficos (infograf\u00edas, p\u00f3sters) sin tener experiencia en dise\u00f1o gr\u00e1fico. \u00a0 Infogr.am Crea infograf\u00edas y tablas interactivas en l\u00ednea de forma gratuita y f\u00e1cil. [&hellip;]<\/p>\n","protected":false},"author":21,"featured_media":0,"parent":3195,"menu_order":0,"comment_status":"closed","ping_status":"closed","template":"","meta":{"_genesis_hide_title":false,"_genesis_hide_breadcrumbs":false,"_genesis_hide_singular_image":false,"_genesis_hide_footer_widgets":false,"_genesis_custom_body_class":"","_genesis_custom_post_class":"","_genesis_layout":"","jetpack_post_was_ever_published":false},"jetpack_sharing_enabled":true,"jetpack_likes_enabled":true,"_links":{"self":[{"href":"https:\/\/parapnte.educacion.navarra.es\/eu\/wp-json\/wp\/v2\/pages\/3199"}],"collection":[{"href":"https:\/\/parapnte.educacion.navarra.es\/eu\/wp-json\/wp\/v2\/pages"}],"about":[{"href":"https:\/\/parapnte.educacion.navarra.es\/eu\/wp-json\/wp\/v2\/types\/page"}],"author":[{"embeddable":true,"href":"https:\/\/parapnte.educacion.navarra.es\/eu\/wp-json\/wp\/v2\/users\/21"}],"replies":[{"embeddable":true,"href":"https:\/\/parapnte.educacion.navarra.es\/eu\/wp-json\/wp\/v2\/comments?post=3199"}],"version-history":[{"count":0,"href":"https:\/\/parapnte.educacion.navarra.es\/eu\/wp-json\/wp\/v2\/pages\/3199\/revisions"}],"up":[{"embeddable":true,"href":"https:\/\/parapnte.educacion.navarra.es\/eu\/wp-json\/wp\/v2\/pages\/3195"}],"wp:attachment":[{"href":"https:\/\/parapnte.educacion.navarra.es\/eu\/wp-json\/wp\/v2\/media?parent=3199"}],"curies":[{"name":"wp","href":"https:\/\/api.w.org\/{rel}","templated":true}]}}