


{"id":3198,"date":"2015-10-23T10:05:11","date_gmt":"2015-10-23T08:05:11","guid":{"rendered":"http:\/\/parapnte.educacion.navarra.es\/eu\/?page_id=3198"},"modified":"2015-12-18T08:35:27","modified_gmt":"2015-12-18T07:35:27","slug":"herramientas-on-line-editores-graficos","status":"publish","type":"page","link":"https:\/\/parapnte.educacion.navarra.es\/eu\/recursos\/herramientas-on-line-editores-graficos\/","title":{"rendered":"Editore grafikoak"},"content":{"rendered":"<p>&nbsp;<\/p>\n<table cellspacing=\"10\"><!-- Fila encabezado --><\/p>\n<tbody>\n<tr>\n<th style=\"text-align: left;\">Irudia<\/th>\n<th style=\"text-align: center;\">Izena<\/th>\n<th style=\"text-align: center;\">Deskribapena<\/th>\n<\/tr>\n<p><!-- Fila 0 --><\/p>\n<tr>\n<td>\u00a0<a href=\"https:\/\/pixlr.com\/editor\/\" target=\"_blank\"><img loading=\"lazy\" class=\"aligncenter wp-image-2203 size-thumbnail\" src=\"http:\/\/parapnte.educacion.navarra.es\/wp-content\/uploads\/2015\/10\/pixlr-150x150.png\" alt=\"pixlr\" width=\"150\" height=\"150\" \/><\/a><a href=\"http:\/\/piktochart.com\/\" target=\"_blank\"><br \/>\n<\/a><\/td>\n<td style=\"text-align: center;\" width=\"200px\"><a href=\"https:\/\/pixlr.com\/editor\/\" target=\"_blank\">Pixl Editor<\/a><\/td>\n<td>Editor\u00a0gr\u00e1fico online y gratuito de Autodesk, con una infertaz y unas caracter\u00edsticas muy similares a PhotoShop.<\/td>\n<\/tr>\n<p><!-- Fila 1 --><\/p>\n<tr>\n<td>\u00a0<a href=\"https:\/\/www.canva.com\/\" target=\"_blank\"><img loading=\"lazy\" class=\"aligncenter wp-image-2204 size-thumbnail\" src=\"http:\/\/parapnte.educacion.navarra.es\/wp-content\/uploads\/2015\/10\/canva-150x150.png\" alt=\"Canva\" width=\"150\" height=\"150\" \/><\/a><a href=\"http:\/\/www.easel.ly\/\" target=\"_blank\"><br \/>\n<\/a><\/td>\n<td style=\"text-align: center;\" width=\"200px\"><a href=\"https:\/\/www.canva.com\/\" target=\"_blank\">Canva<\/a><\/td>\n<td>Software en red de que permite dise\u00f1ar presentaciones, gr\u00e1ficos multimedia y muchos m\u00e1s recursos\u00a0mediante miles de plantillas.<\/td>\n<\/tr>\n<p><!-- Fila 2 --><\/p>\n<tr>\n<td><a href=\"https:\/\/v3.polarr.co\/\" target=\"_blank\"><img loading=\"lazy\" class=\"aligncenter wp-image-2166 size-thumbnail\" src=\"http:\/\/parapnte.educacion.navarra.es\/wp-content\/uploads\/2015\/10\/polarr-150x150.png\" alt=\"Polarr\" width=\"150\" height=\"150\" \/><\/a><a href=\"https:\/\/infogr.am\/\" target=\"_blank\"><br \/>\n<\/a><\/td>\n<td style=\"text-align: center;\" width=\"200px\"><a href=\"https:\/\/v3.polarr.co\/\" target=\"_blank\">Polarr<\/a><\/td>\n<td><a href=\"https:\/\/v3.polarr.co\/\" target=\"_blank\">Polarr<\/a> no es el cl\u00e1sico editor de fotograf\u00eda tipo PhotoShop o el <a href=\"https:\/\/pixlr.com\/editor\/\" target=\"_blank\">editor web gratuito Pixl<\/a>. Es un programa que nos ayudar\u00e1 a darle un toque personal a nuestras fotos, jugando con las temperaturas, luces, etc. y que aprender\u00e1 cu\u00e1les son nuestros gustos para futuros trabajos.<\/td>\n<\/tr>\n<p><!-- Fila 3 --><\/p>\n<tr>\n<td>\u00a0<a href=\"http:\/\/www.sumopaint.com\/app\/\" target=\"_blank\"><img loading=\"lazy\" class=\"aligncenter size-thumbnail wp-image-2205\" src=\"http:\/\/parapnte.educacion.navarra.es\/wp-content\/uploads\/2015\/10\/sumopaint-150x150.png\" alt=\"SumoPaint\" width=\"150\" height=\"150\" srcset=\"https:\/\/parapnte.educacion.navarra.es\/wp-content\/uploads\/2015\/10\/sumopaint-150x150.png 150w, https:\/\/parapnte.educacion.navarra.es\/wp-content\/uploads\/2015\/10\/sumopaint-300x300.png 300w, https:\/\/parapnte.educacion.navarra.es\/wp-content\/uploads\/2015\/10\/sumopaint.png 710w\" sizes=\"(max-width: 150px) 100vw, 150px\" \/><\/a><a href=\"http:\/\/www.visme.co\/\" target=\"_blank\"><br \/>\n<\/a><\/td>\n<td style=\"text-align: center;\" width=\"200px\"><a href=\"http:\/\/www.sumopaint.com\/app\/\" target=\"_blank\">SumoPaint<\/a><\/td>\n<td>Como Pixl,\u00a0permite crear capas, a\u00f1adir gradientes, cortar, indicar transparencias, clonar secciones, dibujar y muchas otras acciones con la cl\u00e1sica interfaz de edici\u00f3n gr\u00e1fica.<\/td>\n<\/tr>\n<p><!-- Fila 4 --><\/p>\n<tr>\n<td>\u00a0<a href=\"http:\/\/www.picmonkey.com\/\" target=\"_blank\"><img loading=\"lazy\" class=\"aligncenter size-thumbnail wp-image-2206\" src=\"http:\/\/parapnte.educacion.navarra.es\/wp-content\/uploads\/2015\/10\/picmonkey-150x150.png\" alt=\"PicMonkey\" width=\"150\" height=\"150\" \/><\/a><a href=\"https:\/\/venngage.com\/\" target=\"_blank\"><br \/>\n<\/a><\/td>\n<td style=\"text-align: center;\" width=\"200px\"><a href=\"http:\/\/www.picmonkey.com\/\" target=\"_blank\">PicMonkey<\/a><\/td>\n<td>PickMonkey es un editor gr\u00e1fico diferente en cuanto a su aspecto pero realmente potente. Permite realizar ediciones b\u00e1sicas como cortar, rotar, administrar el color y tama\u00f1o, y otras m\u00e1s complejas de forma sencilla.<\/td>\n<\/tr>\n<p><!-- Fila 5 --><\/p>\n<tr>\n<td>\u00a0<a href=\"http:\/\/photoraster.com\/\" target=\"_blank\"><img loading=\"lazy\" class=\"aligncenter size-thumbnail wp-image-2207\" src=\"http:\/\/parapnte.educacion.navarra.es\/wp-content\/uploads\/2015\/10\/photoraster-150x150.png\" alt=\"Photo Raster\" width=\"150\" height=\"150\" \/><\/a><a href=\"https:\/\/infoactive.co\/\" target=\"_blank\"><br \/>\n<\/a><\/td>\n<td style=\"text-align: center;\" width=\"200px\"><a href=\"http:\/\/photoraster.com\/\" target=\"_blank\">Photo Raster<\/a><\/td>\n<td>Herramienta que puede trabajar con capas y filtros, y tiene otras\u00a0funcionalidades dif\u00edciles de encontrar\u00a0en aplicaciones web como, por ejemplo, m\u00e1scaras.<\/td>\n<\/tr>\n<p><!-- Fila 6 --><\/p>\n<tr>\n<td>\u00a0<a href=\"http:\/\/ipiccy.com\/\" target=\"_blank\"><img loading=\"lazy\" class=\"aligncenter size-thumbnail wp-image-2208\" src=\"http:\/\/parapnte.educacion.navarra.es\/wp-content\/uploads\/2015\/10\/ipiccy-150x150.png\" alt=\"iPiccy\" width=\"150\" height=\"150\" \/><\/a><a href=\"http:\/\/infographicreator.com\/\" target=\"_blank\"><br \/>\n<\/a><\/td>\n<td style=\"text-align: center;\" width=\"200px\"><a href=\"http:\/\/ipiccy.com\/\" target=\"_blank\">iPiccy<\/a><\/td>\n<td>iPiccy edita im\u00e1genes, aplica bonitos efectos fotogr\u00e1ficos, a\u00f1ade texto y tiene una herramienta de dibujo.<\/td>\n<\/tr>\n<p><!-- Fila 10 --><\/p>\n<tr>\n<td>\u00a0<a href=\"https:\/\/buffer.com\/pablo\" target=\"_blank\"><img loading=\"lazy\" class=\"aligncenter wp-image-2164 size-thumbnail\" src=\"http:\/\/parapnte.educacion.navarra.es\/wp-content\/uploads\/2015\/10\/pablo_banners-150x150.png\" alt=\"Pablo\" width=\"150\" height=\"150\" \/><\/a><a href=\"https:\/\/play.google.com\/store\/apps\/details?id=mariusSoft.InFotoFree&amp;hl=es\" target=\"_blank\"><br \/>\n<\/a><\/td>\n<td style=\"text-align: center;\" width=\"200px\"><a href=\"https:\/\/buffer.com\/pablo\" target=\"_blank\">Pablo by Buffer<\/a><\/td>\n<td><a href=\"https:\/\/buffer.com\/pablo\" target=\"_blank\">Pablo<\/a>, herramienta online\u00a0de la compa\u00f1\u00eda Buffer, crea banners de calidad f\u00e1cilmente y en pocos segundos.<\/td>\n<\/tr>\n<\/tbody>\n<\/table>\n<p>Volver al listado de herramientas on-line<\/p>\n","protected":false},"excerpt":{"rendered":"<p>&nbsp; Irudia Izena Deskribapena \u00a0 Pixl Editor Editor\u00a0gr\u00e1fico online y gratuito de Autodesk, con una infertaz y unas caracter\u00edsticas muy similares a PhotoShop. \u00a0 Canva Software en red de que permite dise\u00f1ar presentaciones, gr\u00e1ficos multimedia y muchos m\u00e1s recursos\u00a0mediante miles de plantillas. Polarr Polarr no es el cl\u00e1sico editor de fotograf\u00eda tipo PhotoShop o el [&hellip;]<\/p>\n","protected":false},"author":21,"featured_media":0,"parent":3195,"menu_order":0,"comment_status":"closed","ping_status":"closed","template":"","meta":{"_genesis_hide_title":false,"_genesis_hide_breadcrumbs":false,"_genesis_hide_singular_image":false,"_genesis_hide_footer_widgets":false,"_genesis_custom_body_class":"","_genesis_custom_post_class":"","_genesis_layout":"","jetpack_post_was_ever_published":false},"jetpack_sharing_enabled":true,"jetpack_likes_enabled":true,"_links":{"self":[{"href":"https:\/\/parapnte.educacion.navarra.es\/eu\/wp-json\/wp\/v2\/pages\/3198"}],"collection":[{"href":"https:\/\/parapnte.educacion.navarra.es\/eu\/wp-json\/wp\/v2\/pages"}],"about":[{"href":"https:\/\/parapnte.educacion.navarra.es\/eu\/wp-json\/wp\/v2\/types\/page"}],"author":[{"embeddable":true,"href":"https:\/\/parapnte.educacion.navarra.es\/eu\/wp-json\/wp\/v2\/users\/21"}],"replies":[{"embeddable":true,"href":"https:\/\/parapnte.educacion.navarra.es\/eu\/wp-json\/wp\/v2\/comments?post=3198"}],"version-history":[{"count":0,"href":"https:\/\/parapnte.educacion.navarra.es\/eu\/wp-json\/wp\/v2\/pages\/3198\/revisions"}],"up":[{"embeddable":true,"href":"https:\/\/parapnte.educacion.navarra.es\/eu\/wp-json\/wp\/v2\/pages\/3195"}],"wp:attachment":[{"href":"https:\/\/parapnte.educacion.navarra.es\/eu\/wp-json\/wp\/v2\/media?parent=3198"}],"curies":[{"name":"wp","href":"https:\/\/api.w.org\/{rel}","templated":true}]}}