


{"id":3197,"date":"2015-11-12T10:31:36","date_gmt":"2015-11-12T09:31:36","guid":{"rendered":"http:\/\/parapnte.educacion.navarra.es\/eu\/?page_id=3197"},"modified":"2015-12-18T08:35:50","modified_gmt":"2015-12-18T07:35:50","slug":"herramientas-on-line-almacenamiento-en-la-nube","status":"publish","type":"page","link":"https:\/\/parapnte.educacion.navarra.es\/eu\/recursos\/herramientas-on-line-almacenamiento-en-la-nube\/","title":{"rendered":"Hodeian gordetzea"},"content":{"rendered":"<p>&nbsp;<\/p>\n<table cellspacing=\"10\"><!-- Fila encabezado --><\/p>\n<tbody>\n<tr>\n<th style=\"text-align: left;\">Irudia<\/th>\n<th style=\"text-align: center;\">Izena<\/th>\n<th style=\"text-align: center;\">Deskribapena<\/th>\n<\/tr>\n<p><!-- Fila 0 --><\/p>\n<tr>\n<td>\u00a0<a href=\"https:\/\/drive.google.com\" target=\"_blank\"><img loading=\"lazy\" class=\"aligncenter size-thumbnail wp-image-2288\" src=\"http:\/\/parapnte.educacion.navarra.es\/wp-content\/uploads\/2015\/11\/google_drive-150x150.png\" alt=\"Google Drive\" width=\"150\" height=\"150\" srcset=\"https:\/\/parapnte.educacion.navarra.es\/wp-content\/uploads\/2015\/11\/google_drive-150x150.png 150w, https:\/\/parapnte.educacion.navarra.es\/wp-content\/uploads\/2015\/11\/google_drive-300x300.png 300w, https:\/\/parapnte.educacion.navarra.es\/wp-content\/uploads\/2015\/11\/google_drive.png 512w\" sizes=\"(max-width: 150px) 100vw, 150px\" \/><\/a><\/td>\n<td style=\"text-align: center;\" width=\"200px\"><a href=\"https:\/\/drive.google.com\" target=\"_blank\">Google Drive<\/a><\/td>\n<td><em>Drive<\/em> te ofrece 15 GB de almacenamiento de <em>Google<\/em> gratis para empezar. Guarda fotos, art\u00edculos, dise\u00f1os, dibujos, grabaciones, v\u00eddeos o lo que quieras.\u00a0<strong>Todos los usuarios de @educacion.navarra.es disponen de almacenamiento ilimitado.<\/strong><\/td>\n<\/tr>\n<p><!-- Fila 1 --><\/p>\n<tr>\n<td>\u00a0<a href=\"https:\/\/www.dropbox.com\/\" target=\"_blank\"><img loading=\"lazy\" class=\"aligncenter size-thumbnail wp-image-2289\" src=\"http:\/\/parapnte.educacion.navarra.es\/wp-content\/uploads\/2015\/11\/dropbox-150x150.png\" alt=\"Dropbox\" width=\"150\" height=\"150\" srcset=\"https:\/\/parapnte.educacion.navarra.es\/wp-content\/uploads\/2015\/11\/dropbox-150x150.png 150w, https:\/\/parapnte.educacion.navarra.es\/wp-content\/uploads\/2015\/11\/dropbox.png 200w\" sizes=\"(max-width: 150px) 100vw, 150px\" \/><\/a><\/td>\n<td style=\"text-align: center;\" width=\"200px\"><a href=\"https:\/\/www.dropbox.com\/\" target=\"_blank\">Dropbox<\/a><\/td>\n<td>Empresa pionera en el almacenamiento on-line, ofrece 2 GB de espacio gratuito y otros servicios que van actualizando peri\u00f3dicamente.<\/td>\n<\/tr>\n<p><!-- Fila 2 --><\/p>\n<tr>\n<td><a href=\"https:\/\/onedrive.live.com\/about\/es-es\/\" target=\"_blank\"><img loading=\"lazy\" class=\"aligncenter size-thumbnail wp-image-2290\" src=\"http:\/\/parapnte.educacion.navarra.es\/wp-content\/uploads\/2015\/11\/onedrive-150x150.png\" alt=\"OneDrive\" width=\"150\" height=\"150\" \/><\/a><\/td>\n<td style=\"text-align: center;\" width=\"200px\"><a href=\"https:\/\/onedrive.live.com\/about\/es-es\/\" target=\"_blank\">OneDrive<\/a><\/td>\n<td>Guarda todos tus archivos en OneDrive, el almacenamiento gratuito de 15 GB en la nube de Microsoft. Accede a ellos y comp\u00e1rtelos desde el tel\u00e9fono, la tableta o el PC.<\/td>\n<\/tr>\n<p><!-- Fila 3 --><\/p>\n<tr>\n<td>\u00a0<a href=\"https:\/\/www.box.com\/es_ES\/front\/\" target=\"_blank\"><img loading=\"lazy\" class=\"aligncenter size-thumbnail wp-image-2291\" src=\"http:\/\/parapnte.educacion.navarra.es\/wp-content\/uploads\/2015\/11\/box-150x150.png\" alt=\"Box\" width=\"150\" height=\"150\" srcset=\"https:\/\/parapnte.educacion.navarra.es\/wp-content\/uploads\/2015\/11\/box-150x150.png 150w, https:\/\/parapnte.educacion.navarra.es\/wp-content\/uploads\/2015\/11\/box.png 256w\" sizes=\"(max-width: 150px) 100vw, 150px\" \/><\/a><\/td>\n<td style=\"text-align: center;\" width=\"200px\"><a href=\"https:\/\/www.box.com\/es_ES\/front\/\" target=\"_blank\">Box<\/a><\/td>\n<td>Box es un sito web en l\u00ednea de intercambio de archivos en la nube, que ofrece 10 GB en su plan personal gratuito.<\/td>\n<\/tr>\n<p><!-- Fila 4 --><\/p>\n<tr>\n<td>\u00a0<a href=\"https:\/\/mega.nz\/\" target=\"_blank\"><img loading=\"lazy\" class=\"aligncenter size-thumbnail wp-image-2292\" src=\"http:\/\/parapnte.educacion.navarra.es\/wp-content\/uploads\/2015\/11\/mega-150x150.png\" alt=\"Mega\" width=\"150\" height=\"150\" \/><\/a><\/td>\n<td style=\"text-align: center;\" width=\"200px\"><a href=\"https:\/\/mega.nz\/\" target=\"_blank\">Mega<\/a><\/td>\n<td>Tras registrarnos obtendremos <span class=\"bold\">50 Gbytes de almacenamiento gratuito<\/span>, y los archivos que queramos compartir desde la unidad virtual estar\u00e1n acompa\u00f1ados por una <span class=\"bold\">clave personal.<\/span><\/td>\n<\/tr>\n<p><!-- Fila 5 --><\/p>\n<tr>\n<td>\u00a0<a href=\"https:\/\/www.icloud.com\/\" target=\"_blank\"><img loading=\"lazy\" class=\"aligncenter size-thumbnail wp-image-2293\" src=\"http:\/\/parapnte.educacion.navarra.es\/wp-content\/uploads\/2015\/11\/icloud-150x150.jpg\" alt=\"iCloud\" width=\"150\" height=\"150\" srcset=\"https:\/\/parapnte.educacion.navarra.es\/wp-content\/uploads\/2015\/11\/icloud-150x150.jpg 150w, https:\/\/parapnte.educacion.navarra.es\/wp-content\/uploads\/2015\/11\/icloud-300x300.jpg 300w, https:\/\/parapnte.educacion.navarra.es\/wp-content\/uploads\/2015\/11\/icloud.jpg 500w\" sizes=\"(max-width: 150px) 100vw, 150px\" \/><\/a><\/td>\n<td style=\"text-align: center;\" width=\"200px\"><a href=\"https:\/\/www.icloud.com\/\" target=\"_blank\">iCloud<\/a><\/td>\n<td>Servicio que permite a los usuarios almacenar datos, como archivos de m\u00fasica, en servidores remotos para descargar en m\u00faltiples dispositivos como iPhones, iPods, iPads y las computadoras personales que funcionen con Mac OS X\u00a0o Windows.<\/td>\n<\/tr>\n<p><!-- Fila 6 --><\/p>\n<tr>\n<td>\u00a0<a href=\"https:\/\/www.amazon.es\/clouddrive\/home\" target=\"_blank\"><img loading=\"lazy\" class=\"aligncenter size-thumbnail wp-image-2294\" src=\"http:\/\/parapnte.educacion.navarra.es\/wp-content\/uploads\/2015\/11\/cloud_drive_amazon-150x150.png\" alt=\"Cloud Drive Amazon\" width=\"150\" height=\"150\" srcset=\"https:\/\/parapnte.educacion.navarra.es\/wp-content\/uploads\/2015\/11\/cloud_drive_amazon-150x150.png 150w, https:\/\/parapnte.educacion.navarra.es\/wp-content\/uploads\/2015\/11\/cloud_drive_amazon-300x300.png 300w, https:\/\/parapnte.educacion.navarra.es\/wp-content\/uploads\/2015\/11\/cloud_drive_amazon.png 535w\" sizes=\"(max-width: 150px) 100vw, 150px\" \/><\/a><\/td>\n<td style=\"text-align: center;\" width=\"200px\"><a href=\"https:\/\/www.amazon.es\/clouddrive\/home\" target=\"_blank\">Cloud Drive<\/a><\/td>\n<td>Amazon Cloud Drive te permitir\u00e1 almacenar tus fotos, v\u00eddeos, documentos y otros archivos digitales en la nube de forma r\u00e1pida y sencilla. Empieza con 5 GB de almacenamiento gratis: espacio suficiente para almacenar hasta 2000 fotos.<\/td>\n<\/tr>\n<p><!-- Fila 10 --><\/p>\n<tr>\n<td>\u00a0<a href=\"https:\/\/www.cubby.com\/\" target=\"_blank\"><img loading=\"lazy\" class=\"aligncenter size-thumbnail wp-image-2295\" src=\"http:\/\/parapnte.educacion.navarra.es\/wp-content\/uploads\/2015\/11\/cubby-150x150.png\" alt=\"Cubby\" width=\"150\" height=\"150\" srcset=\"https:\/\/parapnte.educacion.navarra.es\/wp-content\/uploads\/2015\/11\/cubby-150x150.png 150w, https:\/\/parapnte.educacion.navarra.es\/wp-content\/uploads\/2015\/11\/cubby.png 158w\" sizes=\"(max-width: 150px) 100vw, 150px\" \/><\/a><\/td>\n<td style=\"text-align: center;\" width=\"200px\"><a href=\"https:\/\/www.cubby.com\/\" target=\"_blank\">Cubby<\/a><\/td>\n<td>Parte con <span class=\"bold\">5 Gbytes de espacio gratuito<\/span>, y con \u00e9l podemos compartir no solo la carpeta predeterminada, sino cualquiera que indiquemos desde un ordenador (lo que en este caso se denomina crear un \u00abCubby\u00bb).<\/td>\n<\/tr>\n<\/tbody>\n<\/table>\n<p>Volver al listado de herramientas on-line<\/p>\n","protected":false},"excerpt":{"rendered":"<p>&nbsp; Irudia Izena Deskribapena \u00a0 Google Drive Drive te ofrece 15 GB de almacenamiento de Google gratis para empezar. Guarda fotos, art\u00edculos, dise\u00f1os, dibujos, grabaciones, v\u00eddeos o lo que quieras.\u00a0Todos los usuarios de @educacion.navarra.es disponen de almacenamiento ilimitado. \u00a0 Dropbox Empresa pionera en el almacenamiento on-line, ofrece 2 GB de espacio gratuito y otros servicios [&hellip;]<\/p>\n","protected":false},"author":21,"featured_media":0,"parent":3195,"menu_order":0,"comment_status":"closed","ping_status":"closed","template":"","meta":{"_genesis_hide_title":false,"_genesis_hide_breadcrumbs":false,"_genesis_hide_singular_image":false,"_genesis_hide_footer_widgets":false,"_genesis_custom_body_class":"","_genesis_custom_post_class":"","_genesis_layout":"","jetpack_post_was_ever_published":false},"jetpack_sharing_enabled":true,"jetpack_likes_enabled":true,"_links":{"self":[{"href":"https:\/\/parapnte.educacion.navarra.es\/eu\/wp-json\/wp\/v2\/pages\/3197"}],"collection":[{"href":"https:\/\/parapnte.educacion.navarra.es\/eu\/wp-json\/wp\/v2\/pages"}],"about":[{"href":"https:\/\/parapnte.educacion.navarra.es\/eu\/wp-json\/wp\/v2\/types\/page"}],"author":[{"embeddable":true,"href":"https:\/\/parapnte.educacion.navarra.es\/eu\/wp-json\/wp\/v2\/users\/21"}],"replies":[{"embeddable":true,"href":"https:\/\/parapnte.educacion.navarra.es\/eu\/wp-json\/wp\/v2\/comments?post=3197"}],"version-history":[{"count":0,"href":"https:\/\/parapnte.educacion.navarra.es\/eu\/wp-json\/wp\/v2\/pages\/3197\/revisions"}],"up":[{"embeddable":true,"href":"https:\/\/parapnte.educacion.navarra.es\/eu\/wp-json\/wp\/v2\/pages\/3195"}],"wp:attachment":[{"href":"https:\/\/parapnte.educacion.navarra.es\/eu\/wp-json\/wp\/v2\/media?parent=3197"}],"curies":[{"name":"wp","href":"https:\/\/api.w.org\/{rel}","templated":true}]}}