


{"id":3196,"date":"2015-12-10T09:34:37","date_gmt":"2015-12-10T08:34:37","guid":{"rendered":"http:\/\/parapnte.educacion.navarra.es\/eu\/?page_id=3196"},"modified":"2016-02-03T12:31:30","modified_gmt":"2016-02-03T11:31:30","slug":"bancos-de-recursos-de-imagen-y-fotografia","status":"publish","type":"page","link":"https:\/\/parapnte.educacion.navarra.es\/eu\/recursos\/bancos-de-recursos-de-imagen-y-fotografia\/","title":{"rendered":"Irudi-bankuak"},"content":{"rendered":"<p>&nbsp;<\/p>\n<table cellspacing=\"10\"><!-- Fila encabezado --><\/p>\n<tbody>\n<tr>\n<th style=\"text-align: left;\">Irudi<\/th>\n<th style=\"text-align: center;\">Izena<\/th>\n<th style=\"text-align: center;\">Deskribapena<\/th>\n<\/tr>\n<p><!-- Fila 0 --><\/p>\n<tr>\n<td>\u00a0<a href=\"https:\/\/www.google.com\/advanced_image_search?hl=es&amp;biw=1366&amp;bih=600&amp;q=casa&amp;tbm=isch\" target=\"_blank\"><img loading=\"lazy\" class=\"aligncenter size-thumbnail wp-image-1963\" src=\"http:\/\/parapnte.educacion.navarra.es\/wp-content\/uploads\/2015\/09\/imagenes_copyright2-150x150.png\" alt=\"Copyright en im\u00e1genes\" width=\"150\" height=\"150\" \/><\/a><a href=\"http:\/\/piktochart.com\/\" target=\"_blank\"><br \/>\n<\/a><\/td>\n<td style=\"text-align: center;\" width=\"200px\"><a href=\"https:\/\/www.google.com\/advanced_image_search?hl=es&amp;biw=1366&amp;bih=600&amp;q=casa&amp;tbm=isch\" target=\"_blank\">Google Im\u00e1genes<\/a><\/td>\n<td>En <a href=\"http:\/\/parapnte.educacion.navarra.es\/2015\/09\/18\/webs-con-recursos-graficos-libres-de-derechos\/\" target=\"_blank\">este art\u00edculo de ParaPNTE<\/a> se explica paso a paso c\u00f3mo buscar im\u00e1genes\u00a0para reutilizar en nuestros proyectos respetando los derechos de autor. En <a href=\"https:\/\/www.google.com\/advanced_image_search?hl=es&amp;biw=1366&amp;bih=600&amp;q=casa&amp;tbm=isch\" target=\"_blank\">este enlace<\/a> se accede directamente a un buscador avanzado de Google im\u00e1genes. Una vez completado los diferentes apartados seg\u00fan las caracter\u00edsticas de la imagen que buscamos debemos configurar la \u00faltima opci\u00f3n, &#8220;derechos de uso&#8221;.<\/td>\n<\/tr>\n<p><!-- Fila 1 --><\/p>\n<tr>\n<td><a href=\"https:\/\/www.flickr.com\/creativecommons\/\" target=\"_blank\"><img loading=\"lazy\" class=\"size-thumbnail wp-image-1968\" src=\"http:\/\/parapnte.educacion.navarra.es\/wp-content\/uploads\/2015\/09\/flickr-150x150.png\" alt=\"Flickr\" width=\"150\" height=\"150\" \/><\/a><\/td>\n<td style=\"text-align: center;\" width=\"200px\"><a href=\"https:\/\/www.flickr.com\/creativecommons\/\" target=\"_blank\">Flickr<\/a><\/td>\n<td>Red social con im\u00e1genes, y filtra las que no tienen derechos de autor.<\/td>\n<\/tr>\n<p><!-- Fila 2 --><\/p>\n<tr>\n<td><a href=\"https:\/\/commons.wikimedia.org\/wiki\/Main_Page\" target=\"_blank\"><img loading=\"lazy\" class=\"size-thumbnail wp-image-1969\" src=\"http:\/\/parapnte.educacion.navarra.es\/wp-content\/uploads\/2015\/09\/wikimedia-150x150.png\" alt=\"Wikimedia Commons\" width=\"150\" height=\"150\" \/><\/a><a href=\"https:\/\/infogr.am\/\" target=\"_blank\"><br \/>\n<\/a><\/td>\n<td style=\"text-align: center;\" width=\"200px\"><a href=\"https:\/\/commons.wikimedia.org\/wiki\/Main_Page\" target=\"_blank\">Wikimedia Commons<\/a><\/td>\n<td>Una wiki con miles de im\u00e1genes libres.<\/td>\n<\/tr>\n<p><!-- Fila 3 --><\/p>\n<tr>\n<td><a href=\"http:\/\/medialoot.com\/\" target=\"_blank\"><img loading=\"lazy\" class=\"size-thumbnail wp-image-1966\" src=\"http:\/\/parapnte.educacion.navarra.es\/wp-content\/uploads\/2015\/09\/medialoot-150x150.png\" alt=\"Medialoot\" width=\"150\" height=\"150\" \/><\/a><a href=\"http:\/\/www.visme.co\/\" target=\"_blank\"><br \/>\n<\/a><\/td>\n<td style=\"text-align: center;\" width=\"200px\"><a href=\"http:\/\/medialoot.com\/\" target=\"_blank\">Medialoot<\/a><\/td>\n<td>P\u00e1gina web en ingl\u00e9s con im\u00e1genes, iconos, gr\u00e1ficos, plantillas y otros elementos que podemos utilizar para dar un estilo m\u00e1s profesional a nuestros trabajos.<\/td>\n<\/tr>\n<p><!-- Fila 4 --><\/p>\n<tr>\n<td><a href=\"http:\/\/www.morguefile.com\/\" target=\"_blank\"><img loading=\"lazy\" class=\"size-thumbnail wp-image-1967\" src=\"http:\/\/parapnte.educacion.navarra.es\/wp-content\/uploads\/2015\/09\/morguefile-150x150.png\" alt=\"morgueFile\" width=\"150\" height=\"150\" \/><\/a><a href=\"https:\/\/venngage.com\/\" target=\"_blank\"><br \/>\n<\/a><\/td>\n<td style=\"text-align: center;\" width=\"200px\"><a href=\"http:\/\/www.morguefile.com\/\" target=\"_blank\">morgueFile<\/a><\/td>\n<td>Colecci\u00f3n de im\u00e1genes de profesionales. P\u00e1gina en ingl\u00e9s<\/td>\n<\/tr>\n<p><!-- Fila 5 --><\/p>\n<tr>\n<td><a href=\"https:\/\/500px.com\/creativecommons\" target=\"_blank\"><img loading=\"lazy\" class=\"size-thumbnail wp-image-1970\" src=\"http:\/\/parapnte.educacion.navarra.es\/wp-content\/uploads\/2015\/09\/500px-150x150.png\" alt=\"500px\" width=\"150\" height=\"150\" \/><\/a><a href=\"https:\/\/infoactive.co\/\" target=\"_blank\"><br \/>\n<\/a><\/td>\n<td style=\"text-align: center;\" width=\"200px\"><a href=\"https:\/\/500px.com\/creativecommons\" target=\"_blank\">500px<\/a><\/td>\n<td>Otra comunidad tipo Flickr con im\u00e1genes de gran calidad.<\/td>\n<\/tr>\n<p><!-- Fila 6 --><\/p>\n<tr>\n<td><a href=\"http:\/\/es.freeimages.com\/\" target=\"_blank\"><img loading=\"lazy\" class=\"size-thumbnail wp-image-1971\" src=\"http:\/\/parapnte.educacion.navarra.es\/wp-content\/uploads\/2015\/09\/freeimages-150x150.png\" alt=\"Freeimages\" width=\"150\" height=\"150\" \/><\/a><a href=\"http:\/\/infographicreator.com\/\" target=\"_blank\"><br \/>\n<\/a><\/td>\n<td style=\"text-align: center;\" width=\"200px\"><a href=\"http:\/\/es.freeimages.com\/\" target=\"_blank\">Freeimages<\/a><\/td>\n<td>Casi 400.000 fotos e ilustraciones gratuitas. En castellano.<\/td>\n<\/tr>\n<p><!-- Fila 7 --><\/p>\n<tr>\n<td><a href=\"https:\/\/pixabay.com\/\" target=\"_blank\"><img loading=\"lazy\" class=\"size-thumbnail wp-image-1972\" src=\"http:\/\/parapnte.educacion.navarra.es\/wp-content\/uploads\/2015\/09\/pixabay-150x150.png\" alt=\"Pixabay\" width=\"150\" height=\"150\" \/><\/a><\/td>\n<td style=\"text-align: center;\" width=\"200px\"><a href=\"https:\/\/pixabay.com\/\" target=\"_blank\">Pixabay<\/a><\/td>\n<td>Im\u00e1genes sin derechos de autor de alta calidad.<\/td>\n<\/tr>\n<p><!-- Fila 8 --><\/p>\n<tr>\n<td>\u00a0<a href=\"https:\/\/stock.tookapic.com\/\" target=\"_blank\"><img loading=\"lazy\" class=\"aligncenter size-thumbnail wp-image-2383\" src=\"http:\/\/parapnte.educacion.navarra.es\/wp-content\/uploads\/2015\/12\/tookapic-150x150.png\" alt=\"tookapic\" width=\"150\" height=\"150\" \/><\/a><a href=\"http:\/\/vizualize.me\/\" target=\"_blank\"><br \/>\n<\/a><\/td>\n<td style=\"text-align: center;\" width=\"200px\"><a href=\"https:\/\/stock.tookapic.com\/\" target=\"_blank\">tookapic<\/a><\/td>\n<td>Fotograf\u00edas de alta calidad gratuitas.<\/td>\n<\/tr>\n<p><!-- Fila 9 --><\/p>\n<tr>\n<td>\u00a0<a href=\"http:\/\/openphoto.net\/\" target=\"_blank\"><img loading=\"lazy\" class=\"aligncenter size-thumbnail wp-image-2384\" src=\"http:\/\/parapnte.educacion.navarra.es\/wp-content\/uploads\/2015\/12\/openphoto-150x150.png\" alt=\"openphoto\" width=\"150\" height=\"150\" \/><\/a><a href=\"http:\/\/visual.ly\/\" target=\"_blank\"><br \/>\n<\/a><\/td>\n<td style=\"text-align: center;\" width=\"200px\"><a href=\"http:\/\/openphoto.net\/\" target=\"_blank\">openphoto<\/a><\/td>\n<td>Uno de los primeros bancos de fotograf\u00edas de calidad organizado por tem\u00e1ticas.<\/td>\n<\/tr>\n<p><!-- Fila 10 --><\/p>\n<tr>\n<td>\u00a0<a href=\"http:\/\/visualhunt.com\/\" target=\"_blank\" rel=\"attachment wp-att-2388\"><img loading=\"lazy\" class=\"aligncenter size-thumbnail wp-image-2388\" src=\"http:\/\/parapnte.educacion.navarra.es\/wp-content\/uploads\/2015\/12\/visualhunt-150x150.png\" alt=\"visualhunt\" width=\"150\" height=\"150\" \/><\/a><\/td>\n<td style=\"text-align: center;\" width=\"200px\"><a href=\"http:\/\/visualhunt.com\/\" target=\"_blank\">visualhunt<\/a><\/td>\n<td>Buscador de im\u00e1genes bastante potente, con m\u00e1s de 350.000.000 fotograf\u00edas con <a href=\"http:\/\/es.creativecommons.org\/blog\/licencias\/\" target=\"_blank\">licencia Creative Commons<\/a>.<\/td>\n<\/tr>\n<p><!-- Fila 11 --><\/p>\n<tr>\n<td>\u00a0<a href=\"http:\/\/www.freepik.es\/\" target=\"_blank\"><img loading=\"lazy\" class=\"aligncenter size-thumbnail wp-image-2385\" src=\"http:\/\/parapnte.educacion.navarra.es\/wp-content\/uploads\/2015\/12\/freepik-150x150.png\" alt=\"freepik\" width=\"150\" height=\"150\" \/><\/a><a href=\"https:\/\/play.google.com\/store\/apps\/details?id=mariusSoft.InFotoFree&amp;hl=es\" target=\"_blank\"><br \/>\n<\/a><\/td>\n<td style=\"text-align: center;\" width=\"200px\"><a href=\"http:\/\/www.freepik.es\/\" target=\"_blank\">freepik<\/a><\/td>\n<td>Freepik te ayuda a encontrar fotos, ilustraciones, iconos, PSD y vectores gratis para webs, banners, presentaciones, revistas, publicidad.<\/td>\n<\/tr>\n<p><!-- Fila 12 --><\/p>\n<tr>\n<td><a href=\"http:\/\/parapnte.educacion.navarra.es\/wp-content\/uploads\/2016\/02\/icon_icons.png\"><img loading=\"lazy\" class=\"size-thumbnail wp-image-3543\" src=\"http:\/\/parapnte.educacion.navarra.es\/wp-content\/uploads\/2016\/02\/icon_icons-150x150.png\" alt=\"Icon-Icons\" width=\"150\" height=\"150\" \/><\/a><\/p>\n<p><a href=\"http:\/\/www.freepik.es\/\" target=\"_blank\"><br \/>\n<\/a><a href=\"https:\/\/play.google.com\/store\/apps\/details?id=mariusSoft.InFotoFree&amp;hl=es\" target=\"_blank\"><br \/>\n<\/a><\/td>\n<td style=\"text-align: center;\" width=\"200px\"><a href=\"http:\/\/icon-icons.com\/es\/\" target=\"_blank\">Icon-Icons<\/a><\/td>\n<td><a href=\"http:\/\/icon-icons.com\/es\/\" target=\"_blank\">Icon-Icons <\/a>ofrece m\u00e1s de 60.000 iconos gratuitos, organizados en categor\u00edas y localizables mediante un sencillo buscador. Est\u00e1 disponible en castellano.<\/td>\n<\/tr>\n<p><!-- Fila 13 --><\/p>\n<tr>\n<td><a href=\"http:\/\/parapnte.educacion.navarra.es\/wp-content\/uploads\/2016\/02\/megapixelstock.png\"><img loading=\"lazy\" class=\"size-thumbnail wp-image-3545\" src=\"http:\/\/parapnte.educacion.navarra.es\/wp-content\/uploads\/2016\/02\/megapixelstock-150x150.png\" alt=\"Megapixelstock\" width=\"150\" height=\"150\" \/><\/a><\/p>\n<p><a href=\"http:\/\/www.freepik.es\/\" target=\"_blank\"><br \/>\n<\/a><a href=\"https:\/\/play.google.com\/store\/apps\/details?id=mariusSoft.InFotoFree&amp;hl=es\" target=\"_blank\"><br \/>\n<\/a><\/td>\n<td style=\"text-align: center;\" width=\"200px\"><a href=\"https:\/\/megapixelstock.com\/\" target=\"_blank\">Megapixelstock<\/a><\/td>\n<td><a href=\"https:\/\/megapixelstock.com\/\" target=\"_blank\">Megapixelstock<\/a> es una buena opci\u00f3n para buscar fotograf\u00edas\u00a0creativas de calidad. Se actualiza\u00a0con bastante asiduidad y tiene unos filtros de b\u00fasqueda pr\u00e1cticos por categor\u00edas, n\u00famero de descargas, likes, vistas y \u00faltimas im\u00e1genes a\u00f1adidas.<\/td>\n<\/tr>\n<\/tbody>\n<\/table>\n<p>&nbsp;<\/p>\n","protected":false},"excerpt":{"rendered":"<p>&nbsp; Irudi Izena Deskribapena \u00a0 Google Im\u00e1genes En este art\u00edculo de ParaPNTE se explica paso a paso c\u00f3mo buscar im\u00e1genes\u00a0para reutilizar en nuestros proyectos respetando los derechos de autor. En este enlace se accede directamente a un buscador avanzado de Google im\u00e1genes. Una vez completado los diferentes apartados seg\u00fan las caracter\u00edsticas de la imagen que [&hellip;]<\/p>\n","protected":false},"author":21,"featured_media":0,"parent":3195,"menu_order":0,"comment_status":"closed","ping_status":"closed","template":"","meta":{"_genesis_hide_title":false,"_genesis_hide_breadcrumbs":false,"_genesis_hide_singular_image":false,"_genesis_hide_footer_widgets":false,"_genesis_custom_body_class":"","_genesis_custom_post_class":"","_genesis_layout":"","jetpack_post_was_ever_published":false},"jetpack_sharing_enabled":true,"jetpack_likes_enabled":true,"_links":{"self":[{"href":"https:\/\/parapnte.educacion.navarra.es\/eu\/wp-json\/wp\/v2\/pages\/3196"}],"collection":[{"href":"https:\/\/parapnte.educacion.navarra.es\/eu\/wp-json\/wp\/v2\/pages"}],"about":[{"href":"https:\/\/parapnte.educacion.navarra.es\/eu\/wp-json\/wp\/v2\/types\/page"}],"author":[{"embeddable":true,"href":"https:\/\/parapnte.educacion.navarra.es\/eu\/wp-json\/wp\/v2\/users\/21"}],"replies":[{"embeddable":true,"href":"https:\/\/parapnte.educacion.navarra.es\/eu\/wp-json\/wp\/v2\/comments?post=3196"}],"version-history":[{"count":0,"href":"https:\/\/parapnte.educacion.navarra.es\/eu\/wp-json\/wp\/v2\/pages\/3196\/revisions"}],"up":[{"embeddable":true,"href":"https:\/\/parapnte.educacion.navarra.es\/eu\/wp-json\/wp\/v2\/pages\/3195"}],"wp:attachment":[{"href":"https:\/\/parapnte.educacion.navarra.es\/eu\/wp-json\/wp\/v2\/media?parent=3196"}],"curies":[{"name":"wp","href":"https:\/\/api.w.org\/{rel}","templated":true}]}}