


{"id":3194,"date":"2015-10-20T14:36:57","date_gmt":"2015-10-20T12:36:57","guid":{"rendered":"http:\/\/parapnte.educacion.navarra.es\/eu\/?page_id=3194"},"modified":"2015-12-15T12:09:08","modified_gmt":"2015-12-15T11:09:08","slug":"normativa-del-prestamo","status":"publish","type":"page","link":"https:\/\/parapnte.educacion.navarra.es\/eu\/prestamo-de-material-de-robotica\/normativa-del-prestamo\/","title":{"rendered":"Maileguaren araudia"},"content":{"rendered":"<p style=\"text-align: justify;\"><span style=\"font-weight: 400;\">De acuerdo al convenio firmado por el Planetario de Pamplona, la UPNA y el Departamento de Educaci\u00f3n de Navarra, para poder beneficiarse del servicio de pr\u00e9stamo de material de rob\u00f3tica, en primer lugar, es necesario formar parte de la <\/span><a href=\"http:\/\/codigo21.educacion.navarra.es\/profesorado\/red-de-centros\/\" target=\"_blank\"><span style=\"font-weight: 400;\">Red de Centros de Innovaci\u00f3n en Ciencia y Tecnolog\u00eda<\/span><\/a><span style=\"font-weight: 400;\">. El resto de beneficios que tiene formar parte de la Red de Centros vienen enumerados en la <\/span><a href=\"http:\/\/www.educacion.navarra.es\/web\/dpto\/red-centros-plan-de-innovacion-educativa-en-ciencia-y-tecnologia\" target=\"_blank\"><span style=\"font-weight: 400;\">instancia de participaci\u00f3n<\/span><\/a><span style=\"font-weight: 400;\"> de la misma. Los \u00fanicos requisitos que deben reunir los centros aspirantes a la Red son:<\/span><\/p>\n<p style=\"text-align: justify;\"><span style=\"font-weight: 400;\">&#8211; Contar con profesorado formado, o form\u00e1ndose, en Rob\u00f3tica educativa.<\/span><\/p>\n<p style=\"text-align: justify;\"><span style=\"font-weight: 400;\">&#8211; Desarrollar en el centro alg\u00fan proyecto educativo relacionado con Rob\u00f3tica educativa.<\/span><\/p>\n<p style=\"text-align: justify;\"><span style=\"font-weight: 400;\">La solicitud de pr\u00e9stamo se puede realizar a trav\u00e9s de un <\/span><a href=\"http:\/\/codigo21.educacion.navarra.es\/prestamo-de-material-de-robotica\/\" target=\"_blank\"><span style=\"font-weight: 400;\">formulario que hay en la p\u00e1gina C\u00f3digo 21<\/span><\/a><span style=\"font-weight: 400;\"> y en la p\u00e1gina del Planetario de Pamplona, y es necesario especificar el proyecto para el que se requieren. Una vez recibida la solicitud se valorar\u00e1 la adecuidad de \u00e9sta, se consultar\u00e1 la disponibilidad del material en las fechas solicitadas y, si procede, se proceder\u00e1 a la entrega del material.<\/span><\/p>\n<p style=\"text-align: justify;\"><b>Normas generales<\/b><\/p>\n<ul>\n<li style=\"font-weight: 400; text-align: justify;\"><span style=\"font-weight: 400;\">La solicitud se har\u00e1 desde el formulario de <\/span><a href=\"http:\/\/codigo21.educacion.navarra.es\/prestamo-de-material-de-robotica\/\" target=\"_blank\"><span style=\"font-weight: 400;\">C\u00f3digo 21<\/span><\/a><span style=\"font-weight: 400;\"> o del Planetario.<\/span><\/li>\n<li style=\"font-weight: 400; text-align: justify;\"><span style=\"font-weight: 400;\">El pr\u00e9stamo lo solicitar\u00e1 un docente en representaci\u00f3n de su centro y grupo de alumnos.<\/span><\/li>\n<li style=\"font-weight: 400; text-align: justify;\"><span style=\"font-weight: 400;\">El pr\u00e9stamo se solicitar\u00e1, al menos, una semana antes de la fecha para la que se requiere el material.<\/span><\/li>\n<li style=\"font-weight: 400; text-align: justify;\"><span style=\"font-weight: 400;\">El material disponible para el pr\u00e9stamo vendr\u00e1 descrito en la p\u00e1gina \u201c<\/span><a href=\"http:\/\/codigo21.educacion.navarra.es\/prestamo-de-material-de-robotica\/descripcion-del-material-de-robotica-disponible-para-prestamos\/\" target=\"_blank\"><span style=\"font-weight: 400;\">Descripci\u00f3n del material<\/span><\/a><span style=\"font-weight: 400;\">\u201d de C\u00f3digo 21.<\/span><\/li>\n<li style=\"font-weight: 400; text-align: justify;\"><span style=\"font-weight: 400;\">El material est\u00e1 reservado por el Centro de Recursos para los periodos vacacionales de Navidad, Semana Santa y verano por cuestiones de funcionamiento de C\u00f3digo 21.<\/span><\/li>\n<li style=\"font-weight: 400; text-align: justify;\"><span style=\"font-weight: 400;\">Se podr\u00e1 prestar un m\u00e1ximo de 5 robots Lego NXT, Lego EV3 o Bee-Bot por docente.<\/span><\/li>\n<li style=\"font-weight: 400; text-align: justify;\"><span style=\"font-weight: 400;\">El periodo de pr\u00e9stamo m\u00e1ximo de los robots Lego NXT y EV3 y de sus accesorios ser\u00e1 de 2 meses, prorrogables por 1 mes siempre y cuando no hayan sido demandados por otros centros miembros de la Red.<\/span><\/li>\n<li style=\"font-weight: 400; text-align: justify;\"><span style=\"font-weight: 400;\">Se podr\u00e1 prestar un m\u00e1ximo de 3 unidades por docente del resto de material de rob\u00f3tica.<\/span><\/li>\n<li style=\"font-weight: 400; text-align: justify;\"><span style=\"font-weight: 400;\">El periodo de pr\u00e9stamo m\u00e1ximo del resto del material de rob\u00f3tica ser\u00e1 de 1 mes.<\/span><\/li>\n<li style=\"font-weight: 400; text-align: justify;\"><span style=\"font-weight: 400;\">El material se entregar\u00e1 en mano, previa cita de la persona responsable del Centro de Recursos, a todos aquellos centros de las cercan\u00edas de Pamplona y a aquellos que tengan posibilidad de ello. Al resto se les enviar\u00e1 a trav\u00e9s de una compa\u00f1\u00eda de transporte.<\/span><\/li>\n<li style=\"font-weight: 400; text-align: justify;\"><span style=\"font-weight: 400;\">El material se devolver\u00e1 en el mismo estado que fue entregado (firmware, piezas, etc.) y con el mismo procedimiento (entrega en mano o envio mediante compa\u00f1\u00eda de transporte).<\/span><\/li>\n<li style=\"font-weight: 400; text-align: justify;\"><span style=\"font-weight: 400;\">El incumplimiento reiterado de estas normas de pr\u00e9stamo, as\u00ed como el comportamiento incorrecto por parte del prestatario (p\u00e9rdida o deterioro del material, etc.), ser\u00e1 sancionado con la suspensi\u00f3n temporal del servicio de pr\u00e9stamo.<\/span><\/li>\n<\/ul>\n<p>&nbsp;<\/p>\n","protected":false},"excerpt":{"rendered":"<p>De acuerdo al convenio firmado por el Planetario de Pamplona, la UPNA y el Departamento de Educaci\u00f3n de Navarra, para poder beneficiarse del servicio de pr\u00e9stamo de material de rob\u00f3tica, en primer lugar, es necesario formar parte de la Red de Centros de Innovaci\u00f3n en Ciencia y Tecnolog\u00eda. El resto de beneficios que tiene formar [&hellip;]<\/p>\n","protected":false},"author":21,"featured_media":0,"parent":3192,"menu_order":0,"comment_status":"closed","ping_status":"closed","template":"","meta":{"_genesis_hide_title":false,"_genesis_hide_breadcrumbs":false,"_genesis_hide_singular_image":false,"_genesis_hide_footer_widgets":false,"_genesis_custom_body_class":"","_genesis_custom_post_class":"","_genesis_layout":"","jetpack_post_was_ever_published":false},"jetpack_sharing_enabled":true,"jetpack_likes_enabled":true,"_links":{"self":[{"href":"https:\/\/parapnte.educacion.navarra.es\/eu\/wp-json\/wp\/v2\/pages\/3194"}],"collection":[{"href":"https:\/\/parapnte.educacion.navarra.es\/eu\/wp-json\/wp\/v2\/pages"}],"about":[{"href":"https:\/\/parapnte.educacion.navarra.es\/eu\/wp-json\/wp\/v2\/types\/page"}],"author":[{"embeddable":true,"href":"https:\/\/parapnte.educacion.navarra.es\/eu\/wp-json\/wp\/v2\/users\/21"}],"replies":[{"embeddable":true,"href":"https:\/\/parapnte.educacion.navarra.es\/eu\/wp-json\/wp\/v2\/comments?post=3194"}],"version-history":[{"count":0,"href":"https:\/\/parapnte.educacion.navarra.es\/eu\/wp-json\/wp\/v2\/pages\/3194\/revisions"}],"up":[{"embeddable":true,"href":"https:\/\/parapnte.educacion.navarra.es\/eu\/wp-json\/wp\/v2\/pages\/3192"}],"wp:attachment":[{"href":"https:\/\/parapnte.educacion.navarra.es\/eu\/wp-json\/wp\/v2\/media?parent=3194"}],"curies":[{"name":"wp","href":"https:\/\/api.w.org\/{rel}","templated":true}]}}